{"id":3797,"date":"2026-03-09T10:04:14","date_gmt":"2026-03-09T08:04:14","guid":{"rendered":"https:\/\/lillapanzio.ro\/?post_type=product&#038;p=3797"},"modified":"2026-03-09T10:06:50","modified_gmt":"2026-03-09T08:06:50","slug":"lingou-de-aur-argor-heraeus-1000g","status":"publish","type":"product","link":"https:\/\/lillapanzio.ro\/ro\/termek\/argor-heraeus-aranyrud-1000g\/","title":{"rendered":"Lingou de aur Argor Heraeus 1000g"},"content":{"rendered":"<p class=\"translation-block\">Lingoul de aur Argor Heraeus de 1000 grame este fabricat din aur 999,9\u2030 (24 de carate) pentru investi\u021bii. Produsul este fabricat de rafin\u0103ria elve\u021bian\u0103 de renume mondial Argor Heraeus, un juc\u0103tor important pe pia\u021ba interna\u021bional\u0103 a metalelor pre\u021bioase.<\/p>\n<p>Acest lingou este realizat de obicei prin tehnologia turnat\u0103 (cast), una dintre cele mai clasice \u0219i apreciate forme pentru lingourile de aur de investi\u021bie de dimensiuni mari. Suprafa\u021ba are o textur\u0103 natural\u0103, cu un aspect elegant \u0219i masiv. Pe lingoul de aur sunt vizibile clar logo-ul produc\u0103torului, marcajul de greutate de 1000 g, precum \u0219i puritatea de 999.9.<\/p>\n<p>Fiecare lingou are un num\u0103r de serie unic, care garanteaz\u0103 autenticitatea \u0219i trasabilitatea lingoului de aur. Produc\u0103torul ofer\u0103, de asemenea, un certificat de autenticitate care confirm\u0103 greutatea \u0219i puritatea acestuia.<\/p>\n<p>Lingoul de aur de 1 kilogram este unul dintre cele mai c\u0103utate formate pentru investitorii serio\u0219i, deoarece ofer\u0103 o cantitate mare de aur fizic \u00eentr-un singur instrument de investi\u021bie recunoscut la nivel interna\u021bional.<\/p>\n<h6>Avantaje principale<\/h6>\n<ul>\n<li>Aur de 24 de carate, cu o puritate de 999,9\u2030<\/li>\n<li class=\"translation-block\">Fabricat \u00een Elve\u021bia \u2013 Rafin\u0103ria Argor Heraeus<\/li>\n<li>Lingou de aur turnat pentru investi\u021bii (lingou turnat)<\/li>\n<li class=\"translation-block\">Num\u0103r de serie unic pe fiecare pies\u0103<\/li>\n<li>Standardul LBMA Good Delivery \u2013 aur de investi\u021bii acceptat la nivel global<\/li>\n<\/ul>\n<h6>Utilizare recomandat\u0103<\/h6>\n<ul>\n<li>investi\u021bii \u00een aur fizic<\/li>\n<li>conservarea activelor pe termen lung<\/li>\n<li>diversificarea portofoliului financiar<\/li>\n<li>investi\u021bii institu\u021bionale sau la scar\u0103 larg\u0103 \u00een aur<\/li>\n<\/ul>\n<h6>De ce s\u0103 alegi lingoul de aur Argor Heraeus de 1000 grame?<\/h6>\n<p>Argor Heraeus este una dintre cele mai cunoscute \u0219i de \u00eencredere rafin\u0103rii de metale pre\u021bioase din lume. Compania se afl\u0103 pe lista LBMA (London Bullion Market Association) Good Delivery, ceea ce garanteaz\u0103 c\u0103 lingourile de aur produse de aceasta sunt acceptate la nivel global pe pia\u021ba investi\u021biilor.<\/p>\n<p>Lingoul de aur de 1 kg este una dintre cele mai populare alegeri pentru investitorii serio\u0219i, deoarece ofer\u0103 un premium mai avantajos pe gram, asigur\u00e2nd \u00een acela\u0219i timp o rezerv\u0103 semnificativ\u0103 \u0219i stabil\u0103 de aur fizic.<\/p>","protected":false},"excerpt":{"rendered":"<p class=\"translation-block\">Lingoul de aur Argor Heraeus de 1000 grame este aur de investi\u021bie de 24 de carate, cu puritate 999.9\u2030, fabricat \u00een Elve\u021bia. Este realizat \u00een variant\u0103 presat\u0103 elegant\u0103, ambalat \u00een blister de siguran\u021b\u0103 \u0219i prev\u0103zut cu num\u0103r de serie unic, care garanteaz\u0103 autenticitatea. O alegere ideal\u0103 pentru investi\u021bii sau ca un cadou de valoare.<\/p>","protected":false},"featured_media":3799,"comment_status":"open","ping_status":"closed","template":"","meta":{"_acf_changed":false},"product_brand":[],"product_cat":[17],"product_tag":[],"class_list":{"0":"post-3797","1":"product","2":"type-product","3":"status-publish","4":"has-post-thumbnail","6":"product_cat-arany","8":"first","9":"outofstock","10":"shipping-taxable","11":"product-type-simple"},"acf":[],"yoast_head":"<!-- This site is optimized with the Yoast SEO plugin v27.1.1 - https:\/\/yoast.com\/product\/yoast-seo-wordpress\/ -->\n<title>Argor Heraeus aranyr\u00fad 1000g - Lilla Panzi\u00f3 - Sz\u00e9kelyudvarhely<\/title>\n<meta name=\"description\" content=\"Argor Heraeus 1000 g (1 kg) aranyr\u00fad 999.9\u2030 tisztas\u00e1g\u00fa, 24 kar\u00e1tos befektet\u00e9si arany Sv\u00e1jcb\u00f3l. LBMA Good Delivery min\u0151s\u00edt\u00e9s\u0171, vil\u00e1gszerte elfogadott aranybefektet\u00e9s.\" \/>\n<meta name=\"robots\" content=\"index, follow, max-snippet:-1, max-image-preview:large, max-video-preview:-1\" \/>\n<link rel=\"canonical\" href=\"https:\/\/lillapanzio.ro\/ro\/produs\/lingou-de-aur-argor-heraeus-1000g\/\" \/>\n<meta property=\"og:locale\" content=\"ro_RO\" \/>\n<meta property=\"og:type\" content=\"article\" \/>\n<meta property=\"og:title\" content=\"Argor Heraeus aranyr\u00fad 1000g - Lilla Panzi\u00f3 - Sz\u00e9kelyudvarhely\" \/>\n<meta property=\"og:description\" content=\"Argor Heraeus 1000 g (1 kg) aranyr\u00fad 999.9\u2030 tisztas\u00e1g\u00fa, 24 kar\u00e1tos befektet\u00e9si arany Sv\u00e1jcb\u00f3l. LBMA Good Delivery min\u0151s\u00edt\u00e9s\u0171, vil\u00e1gszerte elfogadott aranybefektet\u00e9s.\" \/>\n<meta property=\"og:url\" content=\"https:\/\/lillapanzio.ro\/ro\/produs\/lingou-de-aur-argor-heraeus-1000g\/\" \/>\n<meta property=\"og:site_name\" content=\"Lilla Panzi\u00f3 - Sz\u00e9kelyudvarhely\" \/>\n<meta property=\"article:modified_time\" content=\"2026-03-09T08:06:50+00:00\" \/>\n<meta property=\"og:image\" content=\"https:\/\/lillapanzio.ro\/wp-content\/uploads\/2026\/03\/Lilla-Panzio-Lingou-aur-Argor-Heraeus-1000g.png\" \/>\n\t<meta property=\"og:image:width\" content=\"1024\" \/>\n\t<meta property=\"og:image:height\" content=\"1024\" \/>\n\t<meta property=\"og:image:type\" content=\"image\/png\" \/>\n<meta name=\"twitter:card\" content=\"summary_large_image\" \/>\n<meta name=\"twitter:label1\" content=\"Timp estimat pentru citire\" \/>\n\t<meta name=\"twitter:data1\" content=\"2 minute\" \/>\n<script type=\"application\/ld+json\" class=\"yoast-schema-graph\">{\"@context\":\"https:\/\/schema.org\",\"@graph\":[{\"@type\":\"WebPage\",\"@id\":\"https:\/\/lillapanzio.ro\/termek\/argor-heraeus-aranyrud-1000g\/\",\"url\":\"https:\/\/lillapanzio.ro\/termek\/argor-heraeus-aranyrud-1000g\/\",\"name\":\"Argor Heraeus aranyr\u00fad 1000g - Lilla Panzi\u00f3 - Sz\u00e9kelyudvarhely\",\"isPartOf\":{\"@id\":\"https:\/\/lillapanzio.ro\/#website\"},\"primaryImageOfPage\":{\"@id\":\"https:\/\/lillapanzio.ro\/termek\/argor-heraeus-aranyrud-1000g\/#primaryimage\"},\"image\":{\"@id\":\"https:\/\/lillapanzio.ro\/termek\/argor-heraeus-aranyrud-1000g\/#primaryimage\"},\"thumbnailUrl\":\"https:\/\/lillapanzio.ro\/wp-content\/uploads\/2026\/03\/Lilla-Panzio-Lingou-aur-Argor-Heraeus-1000g.png\",\"datePublished\":\"2026-03-09T08:04:14+00:00\",\"dateModified\":\"2026-03-09T08:06:50+00:00\",\"description\":\"Argor Heraeus 1000 g (1 kg) aranyr\u00fad 999.9\u2030 tisztas\u00e1g\u00fa, 24 kar\u00e1tos befektet\u00e9si arany Sv\u00e1jcb\u00f3l. LBMA Good Delivery min\u0151s\u00edt\u00e9s\u0171, vil\u00e1gszerte elfogadott aranybefektet\u00e9s.\",\"breadcrumb\":{\"@id\":\"https:\/\/lillapanzio.ro\/termek\/argor-heraeus-aranyrud-1000g\/#breadcrumb\"},\"inLanguage\":\"ro-RO\",\"potentialAction\":[{\"@type\":\"ReadAction\",\"target\":[\"https:\/\/lillapanzio.ro\/termek\/argor-heraeus-aranyrud-1000g\/\"]}]},{\"@type\":\"ImageObject\",\"inLanguage\":\"ro-RO\",\"@id\":\"https:\/\/lillapanzio.ro\/termek\/argor-heraeus-aranyrud-1000g\/#primaryimage\",\"url\":\"https:\/\/lillapanzio.ro\/wp-content\/uploads\/2026\/03\/Lilla-Panzio-Lingou-aur-Argor-Heraeus-1000g.png\",\"contentUrl\":\"https:\/\/lillapanzio.ro\/wp-content\/uploads\/2026\/03\/Lilla-Panzio-Lingou-aur-Argor-Heraeus-1000g.png\",\"width\":1024,\"height\":1024,\"caption\":\"Lilla Panzio - Lingou aur Argor Heraeus 1000g\"},{\"@type\":\"BreadcrumbList\",\"@id\":\"https:\/\/lillapanzio.ro\/termek\/argor-heraeus-aranyrud-1000g\/#breadcrumb\",\"itemListElement\":[{\"@type\":\"ListItem\",\"position\":1,\"name\":\"Kezd\u0151lap\",\"item\":\"https:\/\/lillapanzio.ro\/\"},{\"@type\":\"ListItem\",\"position\":2,\"name\":\"Term\u00e9kek\",\"item\":\"https:\/\/lillapanzio.ro\/uzlet\/\"},{\"@type\":\"ListItem\",\"position\":3,\"name\":\"Argor Heraeus aranyr\u00fad 1000g\"}]},{\"@type\":\"WebSite\",\"@id\":\"https:\/\/lillapanzio.ro\/#website\",\"url\":\"https:\/\/lillapanzio.ro\/\",\"name\":\"Lilla Panzi\u00f3 - Sz\u00e9kelyudvarhely\",\"description\":\"\",\"publisher\":{\"@id\":\"https:\/\/lillapanzio.ro\/#organization\"},\"potentialAction\":[{\"@type\":\"SearchAction\",\"target\":{\"@type\":\"EntryPoint\",\"urlTemplate\":\"https:\/\/lillapanzio.ro\/?s={search_term_string}\"},\"query-input\":{\"@type\":\"PropertyValueSpecification\",\"valueRequired\":true,\"valueName\":\"search_term_string\"}}],\"inLanguage\":\"ro-RO\"},{\"@type\":\"Organization\",\"@id\":\"https:\/\/lillapanzio.ro\/#organization\",\"name\":\"Lilla Panzi\u00f3 - Sz\u00e9kelyudvarhely\",\"url\":\"https:\/\/lillapanzio.ro\/\",\"logo\":{\"@type\":\"ImageObject\",\"inLanguage\":\"ro-RO\",\"@id\":\"https:\/\/lillapanzio.ro\/#\/schema\/logo\/image\/\",\"url\":\"https:\/\/lillapanzio.ro\/wp-content\/uploads\/2023\/04\/header-logo.png\",\"contentUrl\":\"https:\/\/lillapanzio.ro\/wp-content\/uploads\/2023\/04\/header-logo.png\",\"width\":350,\"height\":207,\"caption\":\"Lilla Panzi\u00f3 - Sz\u00e9kelyudvarhely\"},\"image\":{\"@id\":\"https:\/\/lillapanzio.ro\/#\/schema\/logo\/image\/\"}}]}<\/script>\n<!-- \/ Yoast SEO plugin. -->","yoast_head_json":{"title":"Argor Heraeus lingot de aur 1000g - Lilla Panzi\u00f3 - Sz\u00e9kelyudvarhely","description":"Lingou de aur Argor Heraeus 1000 g (1 kg), aur de investi\u021bie de 24 de carate cu puritate 999.9\u2030, fabricat \u00een Elve\u021bia. Certificat LBMA Good Delivery, investi\u021bie \u00een aur recunoscut\u0103 la nivel mondial.","robots":{"index":"index","follow":"follow","max-snippet":"max-snippet:-1","max-image-preview":"max-image-preview:large","max-video-preview":"max-video-preview:-1"},"canonical":"https:\/\/lillapanzio.ro\/ro\/produs\/lingou-de-aur-argor-heraeus-1000g\/","og_locale":"ro_RO","og_type":"article","og_title":"Argor Heraeus aranyr\u00fad 1000g - Lilla Panzi\u00f3 - Sz\u00e9kelyudvarhely","og_description":"Argor Heraeus 1000 g (1 kg) aranyr\u00fad 999.9\u2030 tisztas\u00e1g\u00fa, 24 kar\u00e1tos befektet\u00e9si arany Sv\u00e1jcb\u00f3l. LBMA Good Delivery min\u0151s\u00edt\u00e9s\u0171, vil\u00e1gszerte elfogadott aranybefektet\u00e9s.","og_url":"https:\/\/lillapanzio.ro\/ro\/produs\/lingou-de-aur-argor-heraeus-1000g\/","og_site_name":"Lilla Panzi\u00f3 - Sz\u00e9kelyudvarhely","article_modified_time":"2026-03-09T08:06:50+00:00","og_image":[{"width":1024,"height":1024,"url":"https:\/\/lillapanzio.ro\/wp-content\/uploads\/2026\/03\/Lilla-Panzio-Lingou-aur-Argor-Heraeus-1000g.png","type":"image\/png"}],"twitter_card":"summary_large_image","twitter_misc":{"Timp estimat pentru citire":"2 minute"},"schema":{"@context":"https:\/\/schema.org","@graph":[{"@type":"WebPage","@id":"https:\/\/lillapanzio.ro\/termek\/argor-heraeus-aranyrud-1000g\/","url":"https:\/\/lillapanzio.ro\/termek\/argor-heraeus-aranyrud-1000g\/","name":"Argor Heraeus lingot de aur 1000g - Lilla Panzi\u00f3 - Sz\u00e9kelyudvarhely","isPartOf":{"@id":"https:\/\/lillapanzio.ro\/#website"},"primaryImageOfPage":{"@id":"https:\/\/lillapanzio.ro\/termek\/argor-heraeus-aranyrud-1000g\/#primaryimage"},"image":{"@id":"https:\/\/lillapanzio.ro\/termek\/argor-heraeus-aranyrud-1000g\/#primaryimage"},"thumbnailUrl":"https:\/\/lillapanzio.ro\/wp-content\/uploads\/2026\/03\/Lilla-Panzio-Lingou-aur-Argor-Heraeus-1000g.png","datePublished":"2026-03-09T08:04:14+00:00","dateModified":"2026-03-09T08:06:50+00:00","description":"Lingou de aur Argor Heraeus 1000 g (1 kg), aur de investi\u021bie de 24 de carate cu puritate 999.9\u2030, fabricat \u00een Elve\u021bia. Certificat LBMA Good Delivery, investi\u021bie \u00een aur recunoscut\u0103 la nivel mondial.","breadcrumb":{"@id":"https:\/\/lillapanzio.ro\/termek\/argor-heraeus-aranyrud-1000g\/#breadcrumb"},"inLanguage":"ro-RO","potentialAction":[{"@type":"ReadAction","target":["https:\/\/lillapanzio.ro\/termek\/argor-heraeus-aranyrud-1000g\/"]}]},{"@type":"ImageObject","inLanguage":"ro-RO","@id":"https:\/\/lillapanzio.ro\/termek\/argor-heraeus-aranyrud-1000g\/#primaryimage","url":"https:\/\/lillapanzio.ro\/wp-content\/uploads\/2026\/03\/Lilla-Panzio-Lingou-aur-Argor-Heraeus-1000g.png","contentUrl":"https:\/\/lillapanzio.ro\/wp-content\/uploads\/2026\/03\/Lilla-Panzio-Lingou-aur-Argor-Heraeus-1000g.png","width":1024,"height":1024,"caption":"Lilla Panzio - Lingou aur Argor Heraeus 1000g"},{"@type":"BreadcrumbList","@id":"https:\/\/lillapanzio.ro\/termek\/argor-heraeus-aranyrud-1000g\/#breadcrumb","itemListElement":[{"@type":"ListItem","position":1,"name":"Kezd\u0151lap","item":"https:\/\/lillapanzio.ro\/"},{"@type":"ListItem","position":2,"name":"Term\u00e9kek","item":"https:\/\/lillapanzio.ro\/uzlet\/"},{"@type":"ListItem","position":3,"name":"Argor Heraeus aranyr\u00fad 1000g"}]},{"@type":"WebSite","@id":"https:\/\/lillapanzio.ro\/#website","url":"https:\/\/lillapanzio.ro\/","name":"Pensiune Lilla - Odorheiu Secuiesc","description":"","publisher":{"@id":"https:\/\/lillapanzio.ro\/#organization"},"potentialAction":[{"@type":"SearchAction","target":{"@type":"EntryPoint","urlTemplate":"https:\/\/lillapanzio.ro\/?s={search_term_string}"},"query-input":{"@type":"PropertyValueSpecification","valueRequired":true,"valueName":"search_term_string"}}],"inLanguage":"ro-RO"},{"@type":"Organization","@id":"https:\/\/lillapanzio.ro\/#organization","name":"Pensiune Lilla - Odorheiu Secuiesc","url":"https:\/\/lillapanzio.ro\/","logo":{"@type":"ImageObject","inLanguage":"ro-RO","@id":"https:\/\/lillapanzio.ro\/#\/schema\/logo\/image\/","url":"https:\/\/lillapanzio.ro\/wp-content\/uploads\/2023\/04\/header-logo.png","contentUrl":"https:\/\/lillapanzio.ro\/wp-content\/uploads\/2023\/04\/header-logo.png","width":350,"height":207,"caption":"Lilla Panzi\u00f3 - Sz\u00e9kelyudvarhely"},"image":{"@id":"https:\/\/lillapanzio.ro\/#\/schema\/logo\/image\/"}}]}},"_links":{"self":[{"href":"https:\/\/lillapanzio.ro\/ro\/wp-json\/wp\/v2\/product\/3797","targetHints":{"allow":["GET"]}}],"collection":[{"href":"https:\/\/lillapanzio.ro\/ro\/wp-json\/wp\/v2\/product"}],"about":[{"href":"https:\/\/lillapanzio.ro\/ro\/wp-json\/wp\/v2\/types\/product"}],"replies":[{"embeddable":true,"href":"https:\/\/lillapanzio.ro\/ro\/wp-json\/wp\/v2\/comments?post=3797"}],"wp:featuredmedia":[{"embeddable":true,"href":"https:\/\/lillapanzio.ro\/ro\/wp-json\/wp\/v2\/media\/3799"}],"wp:attachment":[{"href":"https:\/\/lillapanzio.ro\/ro\/wp-json\/wp\/v2\/media?parent=3797"}],"wp:term":[{"taxonomy":"product_brand","embeddable":true,"href":"https:\/\/lillapanzio.ro\/ro\/wp-json\/wp\/v2\/product_brand?post=3797"},{"taxonomy":"product_cat","embeddable":true,"href":"https:\/\/lillapanzio.ro\/ro\/wp-json\/wp\/v2\/product_cat?post=3797"},{"taxonomy":"product_tag","embeddable":true,"href":"https:\/\/lillapanzio.ro\/ro\/wp-json\/wp\/v2\/product_tag?post=3797"}],"curies":[{"name":"wp","href":"https:\/\/api.w.org\/{rel}","templated":true}]}}