{"id":3785,"date":"2026-03-09T09:00:58","date_gmt":"2026-03-09T07:00:58","guid":{"rendered":"https:\/\/lillapanzio.ro\/?post_type=product&#038;p=3785"},"modified":"2026-03-09T09:05:11","modified_gmt":"2026-03-09T07:05:11","slug":"lingou-de-aur-argor-heraeus-20g","status":"publish","type":"product","link":"https:\/\/lillapanzio.ro\/ro\/termek\/argor-heraeus-aranyrud-20g\/","title":{"rendered":"Lingou de aur Argor Heraeus 20g"},"content":{"rendered":"<p>Az <strong>Argor Heraeus 20 grammos aranyr\u00fad<\/strong> befektet\u00e9si c\u00e9lra k\u00e9sz\u00fclt, 999.9\u2030 tisztas\u00e1g\u00fa (24 kar\u00e1tos) aranyb\u00f3l. A term\u00e9ket a vil\u00e1gszerte elismert sv\u00e1jci Argor Heraeus finom\u00edt\u00f3 gy\u00e1rtja, amely a nemzetk\u00f6zi nemesf\u00e9m-piac egyik vezet\u0151 szerepl\u0151je.<\/p>\n<p>A r\u00fad pr\u00e9selt (minted) technol\u00f3gi\u00e1val k\u00e9sz\u00fcl, \u00edgy fel\u00fclete sima, prec\u00edz \u00e9s eleg\u00e1ns megjelen\u00e9s\u0171. Az aranyr\u00fadon j\u00f3l l\u00e1that\u00f3 a gy\u00e1rt\u00f3 log\u00f3ja, a 20 g s\u00falyjelz\u00e9s, valamint a 999.9 finoms\u00e1g.<\/p>\n<p class=\"translation-block\">Fiecare lingou este livrat \u00een ambalaj blister de siguran\u021b\u0103, care serve\u0219te totodat\u0103 \u0219i ca certificat de autenticitate. Pe ambalaj se afl\u0103 un num\u0103r de serie unic, care garanteaz\u0103 autenticitatea lingoului de aur.<\/p>\n<p>A 20 grammos m\u00e9ret kiv\u00e1l\u00f3 v\u00e1laszt\u00e1s azok sz\u00e1m\u00e1ra, akik nagyobb \u00e9rt\u00e9k\u0171 fizikai aranybefektet\u00e9st keresnek, mik\u00f6zben m\u00e9g mindig k\u00f6nnyen kezelhet\u0151 \u00e9s \u00e9rt\u00e9kes\u00edthet\u0151 m\u00e9ret\u0171 aranyrudat szeretn\u00e9nek.<\/p>\n<h6>Avantaje principale<\/h6>\n<ul>\n<li>Aur de 24 de carate, cu o puritate de 999,9\u2030<\/li>\n<li class=\"translation-block\">Fabricat \u00een Elve\u021bia \u2013 Rafin\u0103ria Argor Heraeus<\/li>\n<li>Ambalaj blister certificat<\/li>\n<li class=\"translation-block\">Num\u0103r de serie unic pe fiecare pies\u0103<\/li>\n<li>Aur de investi\u021bii recunoscut la nivel interna\u021bional \u0219i u\u0219or de comercializat<\/li>\n<\/ul>\n<h6>Utilizare recomandat\u0103<\/h6>\n<ul>\n<li>investi\u021bii \u00een aur fizic<\/li>\n<li>diversificarea portofoliului financiar<\/li>\n<li>un cadou valoros pentru ocazii speciale<\/li>\n<li>acumularea treptat\u0103 a rezervelor de aur<\/li>\n<\/ul>\n<h6>Mi\u00e9rt v\u00e1laszd az Argor Heraeus 20 grammos aranyr\u00fadat?<\/h6>\n<p class=\"translation-block\">Argor Heraeus este una dintre cele mai cunoscute rafin\u0103rii de metale pre\u021bioase din lume, care produce lingouri de aur pentru investi\u021bii conform unor standarde stricte de calitate \u0219i puritate. Produsele m\u0103rcii sunt acceptate la nivel global \u0219i pot fi valorificate cu u\u0219urin\u021b\u0103.<\/p>\n<p>A 20 grammos aranyr\u00fad ide\u00e1lis v\u00e1laszt\u00e1s azok sz\u00e1m\u00e1ra, akik m\u00e1r komolyabb \u00f6sszeget szeretn\u00e9nek aranyba fektetni, mik\u00f6zben tov\u00e1bbra is rugalmasan kezelhet\u0151 befektet\u00e9si form\u00e1t keresnek.<\/p>","protected":false},"excerpt":{"rendered":"<p>Az <strong data-start=\"2499\" data-end=\"2536\">Argor Heraeus 20 grammos aranyr\u00fad<\/strong> Lingoul de aur Argor Heraeus de 20 grame este aur de investi\u021bie de 24 de carate, cu puritate 999.9\u2030, fabricat \u00een Elve\u021bia. Este realizat \u00een variant\u0103 presat\u0103 elegant\u0103, ambalat \u00een blister de siguran\u021b\u0103 \u0219i prev\u0103zut cu num\u0103r de serie unic, care garanteaz\u0103 autenticitatea. O alegere ideal\u0103 pentru investi\u021bii sau ca un cadou de valoare.<\/p>","protected":false},"featured_media":3786,"comment_status":"open","ping_status":"closed","template":"","meta":{"_acf_changed":false},"product_brand":[],"product_cat":[17],"product_tag":[],"class_list":{"0":"post-3785","1":"product","2":"type-product","3":"status-publish","4":"has-post-thumbnail","6":"product_cat-arany","8":"first","9":"outofstock","10":"shipping-taxable","11":"product-type-simple"},"acf":[],"yoast_head":"<!-- This site is optimized with the Yoast SEO plugin v27.1.1 - https:\/\/yoast.com\/product\/yoast-seo-wordpress\/ -->\n<title>Argor Heraeus aranyr\u00fad 20g - Lilla Panzi\u00f3 - Sz\u00e9kelyudvarhely<\/title>\n<meta name=\"description\" content=\"Argor Heraeus 20 g aranyr\u00fad 999.9\u2030 tisztas\u00e1g\u00fa, 24 kar\u00e1tos befektet\u00e9si arany Sv\u00e1jcb\u00f3l. Blister csomagol\u00e1sban, egyedi sorsz\u00e1mmal, biztons\u00e1gos \u00e9s \u00e9rt\u00e9k\u00e1ll\u00f3 aranybefektet\u00e9s.\" \/>\n<meta name=\"robots\" content=\"index, follow, max-snippet:-1, max-image-preview:large, max-video-preview:-1\" \/>\n<link rel=\"canonical\" href=\"https:\/\/lillapanzio.ro\/ro\/produs\/lingou-de-aur-argor-heraeus-20g\/\" \/>\n<meta property=\"og:locale\" content=\"ro_RO\" \/>\n<meta property=\"og:type\" content=\"article\" \/>\n<meta property=\"og:title\" content=\"Argor Heraeus aranyr\u00fad 20g - Lilla Panzi\u00f3 - Sz\u00e9kelyudvarhely\" \/>\n<meta property=\"og:description\" content=\"Argor Heraeus 20 g aranyr\u00fad 999.9\u2030 tisztas\u00e1g\u00fa, 24 kar\u00e1tos befektet\u00e9si arany Sv\u00e1jcb\u00f3l. Blister csomagol\u00e1sban, egyedi sorsz\u00e1mmal, biztons\u00e1gos \u00e9s \u00e9rt\u00e9k\u00e1ll\u00f3 aranybefektet\u00e9s.\" \/>\n<meta property=\"og:url\" content=\"https:\/\/lillapanzio.ro\/ro\/produs\/lingou-de-aur-argor-heraeus-20g\/\" \/>\n<meta property=\"og:site_name\" content=\"Lilla Panzi\u00f3 - Sz\u00e9kelyudvarhely\" \/>\n<meta property=\"article:modified_time\" content=\"2026-03-09T07:05:11+00:00\" \/>\n<meta property=\"og:image\" content=\"https:\/\/lillapanzio.ro\/wp-content\/uploads\/2026\/03\/Lilla-Panzio-Lingou-aur-Argor-Heraeus-20g.png\" \/>\n\t<meta property=\"og:image:width\" content=\"1024\" \/>\n\t<meta property=\"og:image:height\" content=\"1024\" \/>\n\t<meta property=\"og:image:type\" content=\"image\/png\" \/>\n<meta name=\"twitter:card\" content=\"summary_large_image\" \/>\n<meta name=\"twitter:label1\" content=\"Timp estimat pentru citire\" \/>\n\t<meta name=\"twitter:data1\" content=\"2 minute\" \/>\n<script type=\"application\/ld+json\" class=\"yoast-schema-graph\">{\"@context\":\"https:\/\/schema.org\",\"@graph\":[{\"@type\":\"WebPage\",\"@id\":\"https:\/\/lillapanzio.ro\/termek\/argor-heraeus-aranyrud-20g\/\",\"url\":\"https:\/\/lillapanzio.ro\/termek\/argor-heraeus-aranyrud-20g\/\",\"name\":\"Argor Heraeus aranyr\u00fad 20g - Lilla Panzi\u00f3 - Sz\u00e9kelyudvarhely\",\"isPartOf\":{\"@id\":\"https:\/\/lillapanzio.ro\/#website\"},\"primaryImageOfPage\":{\"@id\":\"https:\/\/lillapanzio.ro\/termek\/argor-heraeus-aranyrud-20g\/#primaryimage\"},\"image\":{\"@id\":\"https:\/\/lillapanzio.ro\/termek\/argor-heraeus-aranyrud-20g\/#primaryimage\"},\"thumbnailUrl\":\"https:\/\/lillapanzio.ro\/wp-content\/uploads\/2026\/03\/Lilla-Panzio-Lingou-aur-Argor-Heraeus-20g.png\",\"datePublished\":\"2026-03-09T07:00:58+00:00\",\"dateModified\":\"2026-03-09T07:05:11+00:00\",\"description\":\"Argor Heraeus 20 g aranyr\u00fad 999.9\u2030 tisztas\u00e1g\u00fa, 24 kar\u00e1tos befektet\u00e9si arany Sv\u00e1jcb\u00f3l. Blister csomagol\u00e1sban, egyedi sorsz\u00e1mmal, biztons\u00e1gos \u00e9s \u00e9rt\u00e9k\u00e1ll\u00f3 aranybefektet\u00e9s.\",\"breadcrumb\":{\"@id\":\"https:\/\/lillapanzio.ro\/termek\/argor-heraeus-aranyrud-20g\/#breadcrumb\"},\"inLanguage\":\"ro-RO\",\"potentialAction\":[{\"@type\":\"ReadAction\",\"target\":[\"https:\/\/lillapanzio.ro\/termek\/argor-heraeus-aranyrud-20g\/\"]}]},{\"@type\":\"ImageObject\",\"inLanguage\":\"ro-RO\",\"@id\":\"https:\/\/lillapanzio.ro\/termek\/argor-heraeus-aranyrud-20g\/#primaryimage\",\"url\":\"https:\/\/lillapanzio.ro\/wp-content\/uploads\/2026\/03\/Lilla-Panzio-Lingou-aur-Argor-Heraeus-20g.png\",\"contentUrl\":\"https:\/\/lillapanzio.ro\/wp-content\/uploads\/2026\/03\/Lilla-Panzio-Lingou-aur-Argor-Heraeus-20g.png\",\"width\":1024,\"height\":1024,\"caption\":\"Lilla Panzio - Lingou aur Argor Heraeus 20g\"},{\"@type\":\"BreadcrumbList\",\"@id\":\"https:\/\/lillapanzio.ro\/termek\/argor-heraeus-aranyrud-20g\/#breadcrumb\",\"itemListElement\":[{\"@type\":\"ListItem\",\"position\":1,\"name\":\"Kezd\u0151lap\",\"item\":\"https:\/\/lillapanzio.ro\/\"},{\"@type\":\"ListItem\",\"position\":2,\"name\":\"Term\u00e9kek\",\"item\":\"https:\/\/lillapanzio.ro\/uzlet\/\"},{\"@type\":\"ListItem\",\"position\":3,\"name\":\"Argor Heraeus aranyr\u00fad 20g\"}]},{\"@type\":\"WebSite\",\"@id\":\"https:\/\/lillapanzio.ro\/#website\",\"url\":\"https:\/\/lillapanzio.ro\/\",\"name\":\"Lilla Panzi\u00f3 - Sz\u00e9kelyudvarhely\",\"description\":\"\",\"publisher\":{\"@id\":\"https:\/\/lillapanzio.ro\/#organization\"},\"potentialAction\":[{\"@type\":\"SearchAction\",\"target\":{\"@type\":\"EntryPoint\",\"urlTemplate\":\"https:\/\/lillapanzio.ro\/?s={search_term_string}\"},\"query-input\":{\"@type\":\"PropertyValueSpecification\",\"valueRequired\":true,\"valueName\":\"search_term_string\"}}],\"inLanguage\":\"ro-RO\"},{\"@type\":\"Organization\",\"@id\":\"https:\/\/lillapanzio.ro\/#organization\",\"name\":\"Lilla Panzi\u00f3 - Sz\u00e9kelyudvarhely\",\"url\":\"https:\/\/lillapanzio.ro\/\",\"logo\":{\"@type\":\"ImageObject\",\"inLanguage\":\"ro-RO\",\"@id\":\"https:\/\/lillapanzio.ro\/#\/schema\/logo\/image\/\",\"url\":\"https:\/\/lillapanzio.ro\/wp-content\/uploads\/2023\/04\/header-logo.png\",\"contentUrl\":\"https:\/\/lillapanzio.ro\/wp-content\/uploads\/2023\/04\/header-logo.png\",\"width\":350,\"height\":207,\"caption\":\"Lilla Panzi\u00f3 - Sz\u00e9kelyudvarhely\"},\"image\":{\"@id\":\"https:\/\/lillapanzio.ro\/#\/schema\/logo\/image\/\"}}]}<\/script>\n<!-- \/ Yoast SEO plugin. -->","yoast_head_json":{"title":"Argor Heraeus aranyr\u00fad 20g - Lilla Panzi\u00f3 - Sz\u00e9kelyudvarhely","description":"Argor Heraeus 20 g aranyr\u00fad 999.9\u2030 tisztas\u00e1g\u00fa, 24 kar\u00e1tos befektet\u00e9si arany Sv\u00e1jcb\u00f3l. Blister csomagol\u00e1sban, egyedi sorsz\u00e1mmal, biztons\u00e1gos \u00e9s \u00e9rt\u00e9k\u00e1ll\u00f3 aranybefektet\u00e9s.","robots":{"index":"index","follow":"follow","max-snippet":"max-snippet:-1","max-image-preview":"max-image-preview:large","max-video-preview":"max-video-preview:-1"},"canonical":"https:\/\/lillapanzio.ro\/ro\/produs\/lingou-de-aur-argor-heraeus-20g\/","og_locale":"ro_RO","og_type":"article","og_title":"Argor Heraeus aranyr\u00fad 20g - Lilla Panzi\u00f3 - Sz\u00e9kelyudvarhely","og_description":"Argor Heraeus 20 g aranyr\u00fad 999.9\u2030 tisztas\u00e1g\u00fa, 24 kar\u00e1tos befektet\u00e9si arany Sv\u00e1jcb\u00f3l. Blister csomagol\u00e1sban, egyedi sorsz\u00e1mmal, biztons\u00e1gos \u00e9s \u00e9rt\u00e9k\u00e1ll\u00f3 aranybefektet\u00e9s.","og_url":"https:\/\/lillapanzio.ro\/ro\/produs\/lingou-de-aur-argor-heraeus-20g\/","og_site_name":"Lilla Panzi\u00f3 - Sz\u00e9kelyudvarhely","article_modified_time":"2026-03-09T07:05:11+00:00","og_image":[{"width":1024,"height":1024,"url":"https:\/\/lillapanzio.ro\/wp-content\/uploads\/2026\/03\/Lilla-Panzio-Lingou-aur-Argor-Heraeus-20g.png","type":"image\/png"}],"twitter_card":"summary_large_image","twitter_misc":{"Timp estimat pentru citire":"2 minute"},"schema":{"@context":"https:\/\/schema.org","@graph":[{"@type":"WebPage","@id":"https:\/\/lillapanzio.ro\/termek\/argor-heraeus-aranyrud-20g\/","url":"https:\/\/lillapanzio.ro\/termek\/argor-heraeus-aranyrud-20g\/","name":"Argor Heraeus aranyr\u00fad 20g - Lilla Panzi\u00f3 - Sz\u00e9kelyudvarhely","isPartOf":{"@id":"https:\/\/lillapanzio.ro\/#website"},"primaryImageOfPage":{"@id":"https:\/\/lillapanzio.ro\/termek\/argor-heraeus-aranyrud-20g\/#primaryimage"},"image":{"@id":"https:\/\/lillapanzio.ro\/termek\/argor-heraeus-aranyrud-20g\/#primaryimage"},"thumbnailUrl":"https:\/\/lillapanzio.ro\/wp-content\/uploads\/2026\/03\/Lilla-Panzio-Lingou-aur-Argor-Heraeus-20g.png","datePublished":"2026-03-09T07:00:58+00:00","dateModified":"2026-03-09T07:05:11+00:00","description":"Argor Heraeus 20 g aranyr\u00fad 999.9\u2030 tisztas\u00e1g\u00fa, 24 kar\u00e1tos befektet\u00e9si arany Sv\u00e1jcb\u00f3l. Blister csomagol\u00e1sban, egyedi sorsz\u00e1mmal, biztons\u00e1gos \u00e9s \u00e9rt\u00e9k\u00e1ll\u00f3 aranybefektet\u00e9s.","breadcrumb":{"@id":"https:\/\/lillapanzio.ro\/termek\/argor-heraeus-aranyrud-20g\/#breadcrumb"},"inLanguage":"ro-RO","potentialAction":[{"@type":"ReadAction","target":["https:\/\/lillapanzio.ro\/termek\/argor-heraeus-aranyrud-20g\/"]}]},{"@type":"ImageObject","inLanguage":"ro-RO","@id":"https:\/\/lillapanzio.ro\/termek\/argor-heraeus-aranyrud-20g\/#primaryimage","url":"https:\/\/lillapanzio.ro\/wp-content\/uploads\/2026\/03\/Lilla-Panzio-Lingou-aur-Argor-Heraeus-20g.png","contentUrl":"https:\/\/lillapanzio.ro\/wp-content\/uploads\/2026\/03\/Lilla-Panzio-Lingou-aur-Argor-Heraeus-20g.png","width":1024,"height":1024,"caption":"Lilla Panzio - Lingou aur Argor Heraeus 20g"},{"@type":"BreadcrumbList","@id":"https:\/\/lillapanzio.ro\/termek\/argor-heraeus-aranyrud-20g\/#breadcrumb","itemListElement":[{"@type":"ListItem","position":1,"name":"Kezd\u0151lap","item":"https:\/\/lillapanzio.ro\/"},{"@type":"ListItem","position":2,"name":"Term\u00e9kek","item":"https:\/\/lillapanzio.ro\/uzlet\/"},{"@type":"ListItem","position":3,"name":"Argor Heraeus aranyr\u00fad 20g"}]},{"@type":"WebSite","@id":"https:\/\/lillapanzio.ro\/#website","url":"https:\/\/lillapanzio.ro\/","name":"Pensiune Lilla - Odorheiu Secuiesc","description":"","publisher":{"@id":"https:\/\/lillapanzio.ro\/#organization"},"potentialAction":[{"@type":"SearchAction","target":{"@type":"EntryPoint","urlTemplate":"https:\/\/lillapanzio.ro\/?s={search_term_string}"},"query-input":{"@type":"PropertyValueSpecification","valueRequired":true,"valueName":"search_term_string"}}],"inLanguage":"ro-RO"},{"@type":"Organization","@id":"https:\/\/lillapanzio.ro\/#organization","name":"Pensiune Lilla - Odorheiu Secuiesc","url":"https:\/\/lillapanzio.ro\/","logo":{"@type":"ImageObject","inLanguage":"ro-RO","@id":"https:\/\/lillapanzio.ro\/#\/schema\/logo\/image\/","url":"https:\/\/lillapanzio.ro\/wp-content\/uploads\/2023\/04\/header-logo.png","contentUrl":"https:\/\/lillapanzio.ro\/wp-content\/uploads\/2023\/04\/header-logo.png","width":350,"height":207,"caption":"Lilla Panzi\u00f3 - Sz\u00e9kelyudvarhely"},"image":{"@id":"https:\/\/lillapanzio.ro\/#\/schema\/logo\/image\/"}}]}},"_links":{"self":[{"href":"https:\/\/lillapanzio.ro\/ro\/wp-json\/wp\/v2\/product\/3785","targetHints":{"allow":["GET"]}}],"collection":[{"href":"https:\/\/lillapanzio.ro\/ro\/wp-json\/wp\/v2\/product"}],"about":[{"href":"https:\/\/lillapanzio.ro\/ro\/wp-json\/wp\/v2\/types\/product"}],"replies":[{"embeddable":true,"href":"https:\/\/lillapanzio.ro\/ro\/wp-json\/wp\/v2\/comments?post=3785"}],"wp:featuredmedia":[{"embeddable":true,"href":"https:\/\/lillapanzio.ro\/ro\/wp-json\/wp\/v2\/media\/3786"}],"wp:attachment":[{"href":"https:\/\/lillapanzio.ro\/ro\/wp-json\/wp\/v2\/media?parent=3785"}],"wp:term":[{"taxonomy":"product_brand","embeddable":true,"href":"https:\/\/lillapanzio.ro\/ro\/wp-json\/wp\/v2\/product_brand?post=3785"},{"taxonomy":"product_cat","embeddable":true,"href":"https:\/\/lillapanzio.ro\/ro\/wp-json\/wp\/v2\/product_cat?post=3785"},{"taxonomy":"product_tag","embeddable":true,"href":"https:\/\/lillapanzio.ro\/ro\/wp-json\/wp\/v2\/product_tag?post=3785"}],"curies":[{"name":"wp","href":"https:\/\/api.w.org\/{rel}","templated":true}]}}