{"id":3736,"date":"2026-03-04T14:01:18","date_gmt":"2026-03-04T12:01:18","guid":{"rendered":"https:\/\/lillapanzio.ro\/?post_type=product&#038;p=3736"},"modified":"2026-03-16T10:16:37","modified_gmt":"2026-03-16T08:16:37","slug":"lingou-de-aur-argor-heraeus-2g","status":"publish","type":"product","link":"https:\/\/lillapanzio.ro\/ro\/termek\/argor-heraeus-aranyrud-2g\/","title":{"rendered":"Lingou de aur Argor Heraeus 2g"},"content":{"rendered":"<p data-start=\"91\" data-end=\"337\" class=\"translation-block\">Lingoul de aur Argor Heraeus de 2 grame este fabricat din aur 999,9\u2030 (24 de carate) pentru investi\u021bii. Produsul este fabricat de rafin\u0103ria elve\u021bian\u0103 de renume mondial Argor Heraeus, un juc\u0103tor important pe pia\u021ba interna\u021bional\u0103 a metalelor pre\u021bioase.<\/p>\n<p data-start=\"339\" data-end=\"534\" class=\"translation-block\">Lingoul este realizat prin tehnologia presat\u0103 (minted), av\u00e2nd astfel o suprafa\u021b\u0103 neted\u0103, precis\u0103 \u0219i un aspect elegant. Pe lingoul de aur sunt vizibile clar logo-ul produc\u0103torului, marcajul de greutate de 2 g, precum \u0219i puritatea de 999.9.<\/p>\n<p data-start=\"536\" data-end=\"745\" class=\"translation-block\">Fiecare lingou este livrat \u00een ambalaj blister de siguran\u021b\u0103, care serve\u0219te totodat\u0103 \u0219i ca certificat de autenticitate. Pe ambalaj se afl\u0103 un num\u0103r de serie unic, care garanteaz\u0103 autenticitatea lingoului de aur.<\/p>\n<p data-start=\"747\" data-end=\"858\" class=\"translation-block\">Datorit\u0103 dimensiunii sale compacte, este o alegere ideal\u0103 pentru investi\u021bii, ca cadou sau pentru construirea treptat\u0103 a unei rezerve de aur.<\/p>\n<h6>Avantaje principale<\/h6>\n<ul>\n<li>Aur de 24 de carate, cu o puritate de 999,9\u2030<\/li>\n<li class=\"translation-block\">Fabricat \u00een Elve\u021bia \u2013 Rafin\u0103ria Argor Heraeus<\/li>\n<li>Ambalaj blister certificat<\/li>\n<li class=\"translation-block\">Num\u0103r de serie unic pe fiecare pies\u0103<\/li>\n<li>Aur de investi\u021bii recunoscut la nivel interna\u021bional \u0219i u\u0219or de comercializat<\/li>\n<\/ul>\n<h6>Utilizare recomandat\u0103<\/h6>\n<ul>\n<li>investi\u021bii \u00een aur fizic<\/li>\n<li>diversificarea portofoliului financiar<\/li>\n<li>un cadou valoros pentru ocazii speciale<\/li>\n<li>acumularea treptat\u0103 a rezervelor de aur<\/li>\n<\/ul>\n<h6 class=\"translation-block\">De ce s\u0103 alegi lingoul de aur Argor Heraeus de 2 grame?<\/h6>\n<p data-start=\"1345\" data-end=\"1572\" class=\"translation-block\">Argor Heraeus este una dintre cele mai cunoscute rafin\u0103rii de metale pre\u021bioase din lume, care produce lingouri de aur pentru investi\u021bii conform unor standarde stricte de calitate \u0219i puritate. Produsele m\u0103rcii sunt acceptate la nivel global \u0219i pot fi valorificate cu u\u0219urin\u021b\u0103.<\/p>\n<p data-start=\"1574\" data-end=\"1716\" class=\"translation-block\">Dimensiunea de 2 grame este ideal\u0103 pentru cei care doresc s\u0103 investeasc\u0103 \u00een aur \u00een pa\u0219i mai mici sau caut\u0103 o form\u0103 de investi\u021bie mai flexibil\u0103.<\/p>","protected":false},"excerpt":{"rendered":"<p>Lingou de aur Argor Heraeus 2 g din aur cu puritate 999.9\u2030 (24K), fabricat \u00een Elve\u021bia. Ambalat \u00een blister certificat, cu num\u0103r de serie unic, ideal pentru investi\u021bii sau ca un cadou de valoare.<\/p>","protected":false},"featured_media":3737,"comment_status":"open","ping_status":"closed","template":"","meta":{"_acf_changed":false},"product_brand":[],"product_cat":[17],"product_tag":[],"class_list":{"0":"post-3736","1":"product","2":"type-product","3":"status-publish","4":"has-post-thumbnail","6":"product_cat-arany","8":"first","9":"instock","10":"shipping-taxable","11":"purchasable","12":"product-type-simple"},"acf":[],"yoast_head":"<!-- This site is optimized with the Yoast SEO plugin v27.1.1 - https:\/\/yoast.com\/product\/yoast-seo-wordpress\/ -->\n<title>Argor Heraeus aranyr\u00fad 2g - Lilla Panzi\u00f3 - Sz\u00e9kelyudvarhely<\/title>\n<meta name=\"description\" content=\"Argor Heraeus 2 g aranyr\u00fad 999.9\u2030 tisztas\u00e1g\u00fa (24K) aranyb\u00f3l, sv\u00e1jci gy\u00e1rt\u00e1sban. Hiteles\u00edtett blister csomagol\u00e1ssal \u00e9s egyedi sorsz\u00e1mmal, ide\u00e1lis befektet\u00e9sre vagy \u00e9rt\u00e9k\u00e1ll\u00f3 aj\u00e1nd\u00e9knak.\" \/>\n<meta name=\"robots\" content=\"index, follow, max-snippet:-1, max-image-preview:large, max-video-preview:-1\" \/>\n<link rel=\"canonical\" href=\"https:\/\/lillapanzio.ro\/ro\/produs\/lingou-de-aur-argor-heraeus-2g\/\" \/>\n<meta property=\"og:locale\" content=\"ro_RO\" \/>\n<meta property=\"og:type\" content=\"article\" \/>\n<meta property=\"og:title\" content=\"Argor Heraeus aranyr\u00fad 2g - Lilla Panzi\u00f3 - Sz\u00e9kelyudvarhely\" \/>\n<meta property=\"og:description\" content=\"Argor Heraeus 2 g aranyr\u00fad 999.9\u2030 tisztas\u00e1g\u00fa (24K) aranyb\u00f3l, sv\u00e1jci gy\u00e1rt\u00e1sban. Hiteles\u00edtett blister csomagol\u00e1ssal \u00e9s egyedi sorsz\u00e1mmal, ide\u00e1lis befektet\u00e9sre vagy \u00e9rt\u00e9k\u00e1ll\u00f3 aj\u00e1nd\u00e9knak.\" \/>\n<meta property=\"og:url\" content=\"https:\/\/lillapanzio.ro\/ro\/produs\/lingou-de-aur-argor-heraeus-2g\/\" \/>\n<meta property=\"og:site_name\" content=\"Lilla Panzi\u00f3 - Sz\u00e9kelyudvarhely\" \/>\n<meta property=\"article:modified_time\" content=\"2026-03-16T08:16:37+00:00\" \/>\n<meta property=\"og:image\" content=\"https:\/\/lillapanzio.ro\/wp-content\/uploads\/2026\/03\/Lilla-Panzio-Lingou-aur-Argor-Heraeus-2g.png\" \/>\n\t<meta property=\"og:image:width\" content=\"1024\" \/>\n\t<meta property=\"og:image:height\" content=\"1024\" \/>\n\t<meta property=\"og:image:type\" content=\"image\/png\" \/>\n<meta name=\"twitter:card\" content=\"summary_large_image\" \/>\n<meta name=\"twitter:label1\" content=\"Timp estimat pentru citire\" \/>\n\t<meta name=\"twitter:data1\" content=\"2 minute\" \/>\n<script type=\"application\/ld+json\" class=\"yoast-schema-graph\">{\"@context\":\"https:\/\/schema.org\",\"@graph\":[{\"@type\":\"WebPage\",\"@id\":\"https:\/\/lillapanzio.ro\/termek\/argor-heraeus-aranyrud-2g\/\",\"url\":\"https:\/\/lillapanzio.ro\/termek\/argor-heraeus-aranyrud-2g\/\",\"name\":\"Argor Heraeus aranyr\u00fad 2g - Lilla Panzi\u00f3 - Sz\u00e9kelyudvarhely\",\"isPartOf\":{\"@id\":\"https:\/\/lillapanzio.ro\/#website\"},\"primaryImageOfPage\":{\"@id\":\"https:\/\/lillapanzio.ro\/termek\/argor-heraeus-aranyrud-2g\/#primaryimage\"},\"image\":{\"@id\":\"https:\/\/lillapanzio.ro\/termek\/argor-heraeus-aranyrud-2g\/#primaryimage\"},\"thumbnailUrl\":\"https:\/\/lillapanzio.ro\/wp-content\/uploads\/2026\/03\/Lilla-Panzio-Lingou-aur-Argor-Heraeus-2g.png\",\"datePublished\":\"2026-03-04T12:01:18+00:00\",\"dateModified\":\"2026-03-16T08:16:37+00:00\",\"description\":\"Argor Heraeus 2 g aranyr\u00fad 999.9\u2030 tisztas\u00e1g\u00fa (24K) aranyb\u00f3l, sv\u00e1jci gy\u00e1rt\u00e1sban. Hiteles\u00edtett blister csomagol\u00e1ssal \u00e9s egyedi sorsz\u00e1mmal, ide\u00e1lis befektet\u00e9sre vagy \u00e9rt\u00e9k\u00e1ll\u00f3 aj\u00e1nd\u00e9knak.\",\"breadcrumb\":{\"@id\":\"https:\/\/lillapanzio.ro\/termek\/argor-heraeus-aranyrud-2g\/#breadcrumb\"},\"inLanguage\":\"ro-RO\",\"potentialAction\":[{\"@type\":\"ReadAction\",\"target\":[\"https:\/\/lillapanzio.ro\/termek\/argor-heraeus-aranyrud-2g\/\"]}]},{\"@type\":\"ImageObject\",\"inLanguage\":\"ro-RO\",\"@id\":\"https:\/\/lillapanzio.ro\/termek\/argor-heraeus-aranyrud-2g\/#primaryimage\",\"url\":\"https:\/\/lillapanzio.ro\/wp-content\/uploads\/2026\/03\/Lilla-Panzio-Lingou-aur-Argor-Heraeus-2g.png\",\"contentUrl\":\"https:\/\/lillapanzio.ro\/wp-content\/uploads\/2026\/03\/Lilla-Panzio-Lingou-aur-Argor-Heraeus-2g.png\",\"width\":1024,\"height\":1024,\"caption\":\"Lilla Panzio - Lingou aur Argor Heraeus 2g\"},{\"@type\":\"BreadcrumbList\",\"@id\":\"https:\/\/lillapanzio.ro\/termek\/argor-heraeus-aranyrud-2g\/#breadcrumb\",\"itemListElement\":[{\"@type\":\"ListItem\",\"position\":1,\"name\":\"Kezd\u0151lap\",\"item\":\"https:\/\/lillapanzio.ro\/\"},{\"@type\":\"ListItem\",\"position\":2,\"name\":\"Term\u00e9kek\",\"item\":\"https:\/\/lillapanzio.ro\/uzlet\/\"},{\"@type\":\"ListItem\",\"position\":3,\"name\":\"Argor Heraeus aranyr\u00fad 2g\"}]},{\"@type\":\"WebSite\",\"@id\":\"https:\/\/lillapanzio.ro\/#website\",\"url\":\"https:\/\/lillapanzio.ro\/\",\"name\":\"Lilla Panzi\u00f3 - Sz\u00e9kelyudvarhely\",\"description\":\"\",\"publisher\":{\"@id\":\"https:\/\/lillapanzio.ro\/#organization\"},\"potentialAction\":[{\"@type\":\"SearchAction\",\"target\":{\"@type\":\"EntryPoint\",\"urlTemplate\":\"https:\/\/lillapanzio.ro\/?s={search_term_string}\"},\"query-input\":{\"@type\":\"PropertyValueSpecification\",\"valueRequired\":true,\"valueName\":\"search_term_string\"}}],\"inLanguage\":\"ro-RO\"},{\"@type\":\"Organization\",\"@id\":\"https:\/\/lillapanzio.ro\/#organization\",\"name\":\"Lilla Panzi\u00f3 - Sz\u00e9kelyudvarhely\",\"url\":\"https:\/\/lillapanzio.ro\/\",\"logo\":{\"@type\":\"ImageObject\",\"inLanguage\":\"ro-RO\",\"@id\":\"https:\/\/lillapanzio.ro\/#\/schema\/logo\/image\/\",\"url\":\"https:\/\/lillapanzio.ro\/wp-content\/uploads\/2023\/04\/header-logo.png\",\"contentUrl\":\"https:\/\/lillapanzio.ro\/wp-content\/uploads\/2023\/04\/header-logo.png\",\"width\":350,\"height\":207,\"caption\":\"Lilla Panzi\u00f3 - Sz\u00e9kelyudvarhely\"},\"image\":{\"@id\":\"https:\/\/lillapanzio.ro\/#\/schema\/logo\/image\/\"}}]}<\/script>\n<!-- \/ Yoast SEO plugin. -->","yoast_head_json":{"title":"Argor Heraeus lingot de aur 2g - Lilla Panzi\u00f3 - Sz\u00e9kelyudvarhely","description":"Lingou de aur Argor Heraeus 2 g din aur cu puritate 999.9\u2030 (24K), fabricat \u00een Elve\u021bia. Ambalat \u00een blister certificat, cu num\u0103r de serie unic, ideal pentru investi\u021bii sau ca un cadou de valoare.","robots":{"index":"index","follow":"follow","max-snippet":"max-snippet:-1","max-image-preview":"max-image-preview:large","max-video-preview":"max-video-preview:-1"},"canonical":"https:\/\/lillapanzio.ro\/ro\/produs\/lingou-de-aur-argor-heraeus-2g\/","og_locale":"ro_RO","og_type":"article","og_title":"Argor Heraeus aranyr\u00fad 2g - Lilla Panzi\u00f3 - Sz\u00e9kelyudvarhely","og_description":"Argor Heraeus 2 g aranyr\u00fad 999.9\u2030 tisztas\u00e1g\u00fa (24K) aranyb\u00f3l, sv\u00e1jci gy\u00e1rt\u00e1sban. Hiteles\u00edtett blister csomagol\u00e1ssal \u00e9s egyedi sorsz\u00e1mmal, ide\u00e1lis befektet\u00e9sre vagy \u00e9rt\u00e9k\u00e1ll\u00f3 aj\u00e1nd\u00e9knak.","og_url":"https:\/\/lillapanzio.ro\/ro\/produs\/lingou-de-aur-argor-heraeus-2g\/","og_site_name":"Lilla Panzi\u00f3 - Sz\u00e9kelyudvarhely","article_modified_time":"2026-03-16T08:16:37+00:00","og_image":[{"width":1024,"height":1024,"url":"https:\/\/lillapanzio.ro\/wp-content\/uploads\/2026\/03\/Lilla-Panzio-Lingou-aur-Argor-Heraeus-2g.png","type":"image\/png"}],"twitter_card":"summary_large_image","twitter_misc":{"Timp estimat pentru citire":"2 minute"},"schema":{"@context":"https:\/\/schema.org","@graph":[{"@type":"WebPage","@id":"https:\/\/lillapanzio.ro\/termek\/argor-heraeus-aranyrud-2g\/","url":"https:\/\/lillapanzio.ro\/termek\/argor-heraeus-aranyrud-2g\/","name":"Argor Heraeus lingot de aur 2g - Lilla Panzi\u00f3 - Sz\u00e9kelyudvarhely","isPartOf":{"@id":"https:\/\/lillapanzio.ro\/#website"},"primaryImageOfPage":{"@id":"https:\/\/lillapanzio.ro\/termek\/argor-heraeus-aranyrud-2g\/#primaryimage"},"image":{"@id":"https:\/\/lillapanzio.ro\/termek\/argor-heraeus-aranyrud-2g\/#primaryimage"},"thumbnailUrl":"https:\/\/lillapanzio.ro\/wp-content\/uploads\/2026\/03\/Lilla-Panzio-Lingou-aur-Argor-Heraeus-2g.png","datePublished":"2026-03-04T12:01:18+00:00","dateModified":"2026-03-16T08:16:37+00:00","description":"Lingou de aur Argor Heraeus 2 g din aur cu puritate 999.9\u2030 (24K), fabricat \u00een Elve\u021bia. Ambalat \u00een blister certificat, cu num\u0103r de serie unic, ideal pentru investi\u021bii sau ca un cadou de valoare.","breadcrumb":{"@id":"https:\/\/lillapanzio.ro\/termek\/argor-heraeus-aranyrud-2g\/#breadcrumb"},"inLanguage":"ro-RO","potentialAction":[{"@type":"ReadAction","target":["https:\/\/lillapanzio.ro\/termek\/argor-heraeus-aranyrud-2g\/"]}]},{"@type":"ImageObject","inLanguage":"ro-RO","@id":"https:\/\/lillapanzio.ro\/termek\/argor-heraeus-aranyrud-2g\/#primaryimage","url":"https:\/\/lillapanzio.ro\/wp-content\/uploads\/2026\/03\/Lilla-Panzio-Lingou-aur-Argor-Heraeus-2g.png","contentUrl":"https:\/\/lillapanzio.ro\/wp-content\/uploads\/2026\/03\/Lilla-Panzio-Lingou-aur-Argor-Heraeus-2g.png","width":1024,"height":1024,"caption":"Lilla Panzio - Lingou aur Argor Heraeus 2g"},{"@type":"BreadcrumbList","@id":"https:\/\/lillapanzio.ro\/termek\/argor-heraeus-aranyrud-2g\/#breadcrumb","itemListElement":[{"@type":"ListItem","position":1,"name":"Kezd\u0151lap","item":"https:\/\/lillapanzio.ro\/"},{"@type":"ListItem","position":2,"name":"Term\u00e9kek","item":"https:\/\/lillapanzio.ro\/uzlet\/"},{"@type":"ListItem","position":3,"name":"Argor Heraeus aranyr\u00fad 2g"}]},{"@type":"WebSite","@id":"https:\/\/lillapanzio.ro\/#website","url":"https:\/\/lillapanzio.ro\/","name":"Pensiune Lilla - Odorheiu Secuiesc","description":"","publisher":{"@id":"https:\/\/lillapanzio.ro\/#organization"},"potentialAction":[{"@type":"SearchAction","target":{"@type":"EntryPoint","urlTemplate":"https:\/\/lillapanzio.ro\/?s={search_term_string}"},"query-input":{"@type":"PropertyValueSpecification","valueRequired":true,"valueName":"search_term_string"}}],"inLanguage":"ro-RO"},{"@type":"Organization","@id":"https:\/\/lillapanzio.ro\/#organization","name":"Pensiune Lilla - Odorheiu Secuiesc","url":"https:\/\/lillapanzio.ro\/","logo":{"@type":"ImageObject","inLanguage":"ro-RO","@id":"https:\/\/lillapanzio.ro\/#\/schema\/logo\/image\/","url":"https:\/\/lillapanzio.ro\/wp-content\/uploads\/2023\/04\/header-logo.png","contentUrl":"https:\/\/lillapanzio.ro\/wp-content\/uploads\/2023\/04\/header-logo.png","width":350,"height":207,"caption":"Lilla Panzi\u00f3 - Sz\u00e9kelyudvarhely"},"image":{"@id":"https:\/\/lillapanzio.ro\/#\/schema\/logo\/image\/"}}]}},"_links":{"self":[{"href":"https:\/\/lillapanzio.ro\/ro\/wp-json\/wp\/v2\/product\/3736","targetHints":{"allow":["GET"]}}],"collection":[{"href":"https:\/\/lillapanzio.ro\/ro\/wp-json\/wp\/v2\/product"}],"about":[{"href":"https:\/\/lillapanzio.ro\/ro\/wp-json\/wp\/v2\/types\/product"}],"replies":[{"embeddable":true,"href":"https:\/\/lillapanzio.ro\/ro\/wp-json\/wp\/v2\/comments?post=3736"}],"wp:featuredmedia":[{"embeddable":true,"href":"https:\/\/lillapanzio.ro\/ro\/wp-json\/wp\/v2\/media\/3737"}],"wp:attachment":[{"href":"https:\/\/lillapanzio.ro\/ro\/wp-json\/wp\/v2\/media?parent=3736"}],"wp:term":[{"taxonomy":"product_brand","embeddable":true,"href":"https:\/\/lillapanzio.ro\/ro\/wp-json\/wp\/v2\/product_brand?post=3736"},{"taxonomy":"product_cat","embeddable":true,"href":"https:\/\/lillapanzio.ro\/ro\/wp-json\/wp\/v2\/product_cat?post=3736"},{"taxonomy":"product_tag","embeddable":true,"href":"https:\/\/lillapanzio.ro\/ro\/wp-json\/wp\/v2\/product_tag?post=3736"}],"curies":[{"name":"wp","href":"https:\/\/api.w.org\/{rel}","templated":true}]}}