{"id":3727,"date":"2026-03-04T13:46:41","date_gmt":"2026-03-04T11:46:41","guid":{"rendered":"https:\/\/lillapanzio.ro\/kosar\/"},"modified":"2026-03-04T13:58:05","modified_gmt":"2026-03-04T11:58:05","slug":"kosar","status":"publish","type":"page","link":"https:\/\/lillapanzio.ro\/ro\/kosar\/","title":{"rendered":"Kos\u00e1r"},"content":{"rendered":"<div data-block-name=\"woocommerce\/cart\" class=\"wp-block-woocommerce-cart alignwide is-loading\">\n<div data-block-name=\"woocommerce\/filled-cart-block\" class=\"wp-block-woocommerce-filled-cart-block\">\n<div data-block-name=\"woocommerce\/cart-items-block\" class=\"wp-block-woocommerce-cart-items-block\">\n<div data-block-name=\"woocommerce\/cart-line-items-block\" class=\"wp-block-woocommerce-cart-line-items-block\"><\/div>\n\n\n<\/div>\n\n\n\n\n<div data-block-name=\"woocommerce\/cart-totals-block\" class=\"wp-block-woocommerce-cart-totals-block\">\n<div data-block-name=\"woocommerce\/cart-order-summary-block\" class=\"wp-block-woocommerce-cart-order-summary-block\">\n<div data-block-name=\"woocommerce\/cart-order-summary-heading-block\" class=\"wp-block-woocommerce-cart-order-summary-heading-block\"><\/div><div data-block-name=\"woocommerce\/cart-order-summary-coupon-form-block\" class=\"wp-block-woocommerce-cart-order-summary-coupon-form-block\"><\/div><div data-block-name=\"woocommerce\/cart-order-summary-totals-block\" class=\"wp-block-woocommerce-cart-order-summary-totals-block\">\n<div data-block-name=\"woocommerce\/cart-order-summary-subtotal-block\" class=\"wp-block-woocommerce-cart-order-summary-subtotal-block\"><\/div>\n<div data-block-name=\"woocommerce\/cart-order-summary-discount-block\" class=\"wp-block-woocommerce-cart-order-summary-discount-block\"><\/div>\n<div data-block-name=\"woocommerce\/cart-order-summary-fee-block\" class=\"wp-block-woocommerce-cart-order-summary-fee-block\"><\/div>\n<div data-block-name=\"woocommerce\/cart-order-summary-shipping-block\" class=\"wp-block-woocommerce-cart-order-summary-shipping-block\"><\/div>\n<div data-block-name=\"woocommerce\/cart-order-summary-taxes-block\" class=\"wp-block-woocommerce-cart-order-summary-taxes-block\"><\/div><\/div>\n<\/div>\n\n\n\n<div data-block-name=\"woocommerce\/cart-express-payment-block\" class=\"wp-block-woocommerce-cart-express-payment-block\"><\/div>\n\n\n\n<div data-block-name=\"woocommerce\/proceed-to-checkout-block\" class=\"wp-block-woocommerce-proceed-to-checkout-block\"><\/div>\n\n\n\n<div data-block-name=\"woocommerce\/cart-accepted-payment-methods-block\" class=\"wp-block-woocommerce-cart-accepted-payment-methods-block\"><\/div>\n<\/div>\n<\/div>\n\n\n\n<div data-block-name=\"woocommerce\/empty-cart-block\" class=\"wp-block-woocommerce-empty-cart-block\">\n<h2 class=\"wp-block-heading has-text-align-center with-empty-cart-icon wc-block-cart__empty-cart__title\">Jelenleg \u00fcres a kosarad.<\/h2>\n\n\n\n<hr class=\"wp-block-separator has-alpha-channel-opacity is-style-dots\"\/>\n\n\n\n<h2 class=\"wp-block-heading has-text-align-center\">\u00dajdons\u00e1gok<\/h2>\n\n\n<div data-block-name=\"woocommerce\/product-new\" data-columns=\"4\" data-rows=\"1\" class=\"wc-block-grid wp-block-product-new wp-block-woocommerce-product-new wc-block-product-new has-4-columns\"><ul class=\"wc-block-grid__products\"><li class=\"wc-block-grid__product\">\n\t\t\t\t<a href=\"https:\/\/lillapanzio.ro\/ro\/termek\/argor-heraeus-aranyrud-1000g\/\" class=\"wc-block-grid__product-link\">\n\t\t\t\t\t\n\t\t\t\t\t<div class=\"wc-block-grid__product-image\"><img decoding=\"async\" width=\"300\" height=\"300\" src=\"https:\/\/lillapanzio.ro\/wp-content\/uploads\/2026\/03\/Lilla-Panzio-Lingou-aur-Argor-Heraeus-1000g-300x300.png\" class=\"attachment-woocommerce_thumbnail size-woocommerce_thumbnail\" alt=\"Lilla Panzio - Lingou aur Argor Heraeus 1000g\" srcset=\"https:\/\/lillapanzio.ro\/wp-content\/uploads\/2026\/03\/Lilla-Panzio-Lingou-aur-Argor-Heraeus-1000g-300x300.png 300w, https:\/\/lillapanzio.ro\/wp-content\/uploads\/2026\/03\/Lilla-Panzio-Lingou-aur-Argor-Heraeus-1000g-100x100.png 100w, https:\/\/lillapanzio.ro\/wp-content\/uploads\/2026\/03\/Lilla-Panzio-Lingou-aur-Argor-Heraeus-1000g-600x600.png 600w, https:\/\/lillapanzio.ro\/wp-content\/uploads\/2026\/03\/Lilla-Panzio-Lingou-aur-Argor-Heraeus-1000g-150x150.png 150w, https:\/\/lillapanzio.ro\/wp-content\/uploads\/2026\/03\/Lilla-Panzio-Lingou-aur-Argor-Heraeus-1000g-768x768.png 768w, https:\/\/lillapanzio.ro\/wp-content\/uploads\/2026\/03\/Lilla-Panzio-Lingou-aur-Argor-Heraeus-1000g-12x12.png 12w, https:\/\/lillapanzio.ro\/wp-content\/uploads\/2026\/03\/Lilla-Panzio-Lingou-aur-Argor-Heraeus-1000g.png 1024w\" sizes=\"(max-width: 300px) 100vw, 300px\" \/><\/div>\n\t\t\t\t\t<div class=\"wc-block-grid__product-title\">Lingou de aur Argor Heraeus 1000g<\/div>\n\t\t\t\t<\/a>\n\t\t\t\t<div class=\"wc-block-grid__product-price price\"><\/div>\n\t\t\t\t\n\t\t\t\t<div class=\"wp-block-button wc-block-grid__product-add-to-cart\"><a href=\"https:\/\/lillapanzio.ro\/ro\/termek\/argor-heraeus-aranyrud-1000g\/\" aria-label=\"Cite\u0219te mai multe despre \u201eArgor Heraeus aranyr\u00fad 1000g\u201d\" data-quantity=\"1\" data-product_id=\"3797\" data-product_sku=\"GOLD010\" data-price=\"0\" rel=\"nofollow\" class=\"wp-block-button__link  add_to_cart_button\" data-no-translation=\"\" data-trp-gettext=\"\" data-no-translation-aria-label=\"\">Cite\u0219te mai mult<\/a><\/div>\n\t\t\t<\/li><li class=\"wc-block-grid__product\">\n\t\t\t\t<a href=\"https:\/\/lillapanzio.ro\/ro\/termek\/argor-heraeus-aranyrud-500g\/\" class=\"wc-block-grid__product-link\">\n\t\t\t\t\t\n\t\t\t\t\t<div class=\"wc-block-grid__product-image\"><img decoding=\"async\" width=\"300\" height=\"300\" src=\"https:\/\/lillapanzio.ro\/wp-content\/uploads\/2026\/03\/Lilla-Panzio-Lingou-aur-Argor-Heraeus-500g-300x300.png\" class=\"attachment-woocommerce_thumbnail size-woocommerce_thumbnail\" alt=\"Lilla Panzio - Lingou aur Argor Heraeus 500g\" srcset=\"https:\/\/lillapanzio.ro\/wp-content\/uploads\/2026\/03\/Lilla-Panzio-Lingou-aur-Argor-Heraeus-500g-300x300.png 300w, https:\/\/lillapanzio.ro\/wp-content\/uploads\/2026\/03\/Lilla-Panzio-Lingou-aur-Argor-Heraeus-500g-100x100.png 100w, https:\/\/lillapanzio.ro\/wp-content\/uploads\/2026\/03\/Lilla-Panzio-Lingou-aur-Argor-Heraeus-500g-600x600.png 600w, https:\/\/lillapanzio.ro\/wp-content\/uploads\/2026\/03\/Lilla-Panzio-Lingou-aur-Argor-Heraeus-500g-150x150.png 150w, https:\/\/lillapanzio.ro\/wp-content\/uploads\/2026\/03\/Lilla-Panzio-Lingou-aur-Argor-Heraeus-500g-768x768.png 768w, https:\/\/lillapanzio.ro\/wp-content\/uploads\/2026\/03\/Lilla-Panzio-Lingou-aur-Argor-Heraeus-500g-12x12.png 12w, https:\/\/lillapanzio.ro\/wp-content\/uploads\/2026\/03\/Lilla-Panzio-Lingou-aur-Argor-Heraeus-500g.png 1024w\" sizes=\"(max-width: 300px) 100vw, 300px\" \/><\/div>\n\t\t\t\t\t<div class=\"wc-block-grid__product-title\">Lingou de aur Argor Heraeus 500g<\/div>\n\t\t\t\t<\/a>\n\t\t\t\t<div class=\"wc-block-grid__product-price price\"><\/div>\n\t\t\t\t\n\t\t\t\t<div class=\"wp-block-button wc-block-grid__product-add-to-cart\"><a href=\"https:\/\/lillapanzio.ro\/ro\/termek\/argor-heraeus-aranyrud-500g\/\" aria-label=\"Cite\u0219te mai multe despre \u201eArgor Heraeus aranyr\u00fad 500g\u201d\" data-quantity=\"1\" data-product_id=\"3795\" data-product_sku=\"GOLD009\" data-price=\"0\" rel=\"nofollow\" class=\"wp-block-button__link  add_to_cart_button\" data-no-translation=\"\" data-trp-gettext=\"\" data-no-translation-aria-label=\"\">Cite\u0219te mai mult<\/a><\/div>\n\t\t\t<\/li><li class=\"wc-block-grid__product\">\n\t\t\t\t<a href=\"https:\/\/lillapanzio.ro\/ro\/termek\/argor-heraeus-aranyrud-250g\/\" class=\"wc-block-grid__product-link\">\n\t\t\t\t\t\n\t\t\t\t\t<div class=\"wc-block-grid__product-image\"><img decoding=\"async\" width=\"300\" height=\"300\" src=\"https:\/\/lillapanzio.ro\/wp-content\/uploads\/2026\/03\/Lilla-Panzio-Lingou-aur-Argor-Heraeus-250g-300x300.png\" class=\"attachment-woocommerce_thumbnail size-woocommerce_thumbnail\" alt=\"Lilla Panzio - Lingou aur Argor Heraeus 250g\" srcset=\"https:\/\/lillapanzio.ro\/wp-content\/uploads\/2026\/03\/Lilla-Panzio-Lingou-aur-Argor-Heraeus-250g-300x300.png 300w, https:\/\/lillapanzio.ro\/wp-content\/uploads\/2026\/03\/Lilla-Panzio-Lingou-aur-Argor-Heraeus-250g-100x100.png 100w, https:\/\/lillapanzio.ro\/wp-content\/uploads\/2026\/03\/Lilla-Panzio-Lingou-aur-Argor-Heraeus-250g-600x600.png 600w, https:\/\/lillapanzio.ro\/wp-content\/uploads\/2026\/03\/Lilla-Panzio-Lingou-aur-Argor-Heraeus-250g-150x150.png 150w, https:\/\/lillapanzio.ro\/wp-content\/uploads\/2026\/03\/Lilla-Panzio-Lingou-aur-Argor-Heraeus-250g-768x768.png 768w, https:\/\/lillapanzio.ro\/wp-content\/uploads\/2026\/03\/Lilla-Panzio-Lingou-aur-Argor-Heraeus-250g-12x12.png 12w, https:\/\/lillapanzio.ro\/wp-content\/uploads\/2026\/03\/Lilla-Panzio-Lingou-aur-Argor-Heraeus-250g.png 1024w\" sizes=\"(max-width: 300px) 100vw, 300px\" \/><\/div>\n\t\t\t\t\t<div class=\"wc-block-grid__product-title\">Lingou de aur Argor Heraeus 250g<\/div>\n\t\t\t\t<\/a>\n\t\t\t\t<div class=\"wc-block-grid__product-price price\"><\/div>\n\t\t\t\t\n\t\t\t\t<div class=\"wp-block-button wc-block-grid__product-add-to-cart\"><a href=\"https:\/\/lillapanzio.ro\/ro\/termek\/argor-heraeus-aranyrud-250g\/\" aria-label=\"Cite\u0219te mai multe despre \u201eArgor Heraeus aranyr\u00fad 250g\u201d\" data-quantity=\"1\" data-product_id=\"3793\" data-product_sku=\"GOLD008\" data-price=\"0\" rel=\"nofollow\" class=\"wp-block-button__link  add_to_cart_button\" data-no-translation=\"\" data-trp-gettext=\"\" data-no-translation-aria-label=\"\">Cite\u0219te mai mult<\/a><\/div>\n\t\t\t<\/li><li class=\"wc-block-grid__product\">\n\t\t\t\t<a href=\"https:\/\/lillapanzio.ro\/ro\/termek\/argor-heraeus-aranyrud-100g\/\" class=\"wc-block-grid__product-link\">\n\t\t\t\t\t\n\t\t\t\t\t<div class=\"wc-block-grid__product-image\"><img decoding=\"async\" width=\"300\" height=\"300\" src=\"https:\/\/lillapanzio.ro\/wp-content\/uploads\/2026\/03\/Lilla-Panzio-Lingou-aur-Argor-Heraeus-100g-300x300.png\" class=\"attachment-woocommerce_thumbnail size-woocommerce_thumbnail\" alt=\"Lilla Panzio - Lingou aur Argor Heraeus 100g\" srcset=\"https:\/\/lillapanzio.ro\/wp-content\/uploads\/2026\/03\/Lilla-Panzio-Lingou-aur-Argor-Heraeus-100g-300x300.png 300w, https:\/\/lillapanzio.ro\/wp-content\/uploads\/2026\/03\/Lilla-Panzio-Lingou-aur-Argor-Heraeus-100g-100x100.png 100w, https:\/\/lillapanzio.ro\/wp-content\/uploads\/2026\/03\/Lilla-Panzio-Lingou-aur-Argor-Heraeus-100g-600x600.png 600w, https:\/\/lillapanzio.ro\/wp-content\/uploads\/2026\/03\/Lilla-Panzio-Lingou-aur-Argor-Heraeus-100g-150x150.png 150w, https:\/\/lillapanzio.ro\/wp-content\/uploads\/2026\/03\/Lilla-Panzio-Lingou-aur-Argor-Heraeus-100g-768x768.png 768w, https:\/\/lillapanzio.ro\/wp-content\/uploads\/2026\/03\/Lilla-Panzio-Lingou-aur-Argor-Heraeus-100g-12x12.png 12w, https:\/\/lillapanzio.ro\/wp-content\/uploads\/2026\/03\/Lilla-Panzio-Lingou-aur-Argor-Heraeus-100g.png 1024w\" sizes=\"(max-width: 300px) 100vw, 300px\" \/><\/div>\n\t\t\t\t\t<div class=\"wc-block-grid__product-title\">Lingou de aur Argor Heraeus 100g<\/div>\n\t\t\t\t<\/a>\n\t\t\t\t<div class=\"wc-block-grid__product-price price\"><\/div>\n\t\t\t\t\n\t\t\t\t<div class=\"wp-block-button wc-block-grid__product-add-to-cart\"><a href=\"https:\/\/lillapanzio.ro\/ro\/termek\/argor-heraeus-aranyrud-100g\/\" aria-label=\"Cite\u0219te mai multe despre \u201eArgor Heraeus aranyr\u00fad 100g\u201d\" data-quantity=\"1\" data-product_id=\"3791\" data-product_sku=\"GOLD007\" data-price=\"0\" rel=\"nofollow\" class=\"wp-block-button__link  add_to_cart_button\" data-no-translation=\"\" data-trp-gettext=\"\" data-no-translation-aria-label=\"\">Cite\u0219te mai mult<\/a><\/div>\n\t\t\t<\/li><\/ul><\/div><\/div>\n<\/div>","protected":false},"excerpt":{"rendered":"","protected":false},"author":1,"featured_media":0,"parent":0,"menu_order":0,"comment_status":"closed","ping_status":"closed","template":"","meta":{"_acf_changed":false,"footnotes":""},"class_list":["post-3727","page","type-page","status-publish","hentry"],"acf":[],"yoast_head":"<!-- This site is optimized with the Yoast SEO plugin v27.1.1 - https:\/\/yoast.com\/product\/yoast-seo-wordpress\/ -->\n<title>Kos\u00e1r - Lilla Panzi\u00f3 - Sz\u00e9kelyudvarhely<\/title>\n<meta name=\"robots\" content=\"index, follow, max-snippet:-1, max-image-preview:large, max-video-preview:-1\" \/>\n<link rel=\"canonical\" href=\"https:\/\/lillapanzio.ro\/ro\/kosar\/\" \/>\n<meta property=\"og:locale\" content=\"ro_RO\" \/>\n<meta property=\"og:type\" content=\"article\" \/>\n<meta property=\"og:title\" content=\"Kos\u00e1r - Lilla Panzi\u00f3 - Sz\u00e9kelyudvarhely\" \/>\n<meta property=\"og:url\" content=\"https:\/\/lillapanzio.ro\/ro\/kosar\/\" \/>\n<meta property=\"og:site_name\" content=\"Lilla Panzi\u00f3 - Sz\u00e9kelyudvarhely\" \/>\n<meta property=\"article:modified_time\" content=\"2026-03-04T11:58:05+00:00\" \/>\n<meta property=\"og:image\" content=\"https:\/\/lillapanzio.ro\/wp-content\/uploads\/2023\/05\/Lilla-Panzio-Panzio-Galeria-16.jpg\" \/>\n\t<meta property=\"og:image:width\" content=\"1200\" \/>\n\t<meta property=\"og:image:height\" content=\"800\" \/>\n\t<meta property=\"og:image:type\" content=\"image\/jpeg\" \/>\n<meta name=\"twitter:card\" content=\"summary_large_image\" \/>\n<script type=\"application\/ld+json\" class=\"yoast-schema-graph\">{\"@context\":\"https:\/\/schema.org\",\"@graph\":[{\"@type\":\"WebPage\",\"@id\":\"https:\/\/lillapanzio.ro\/kosar\/\",\"url\":\"https:\/\/lillapanzio.ro\/kosar\/\",\"name\":\"Kos\u00e1r - Lilla Panzi\u00f3 - Sz\u00e9kelyudvarhely\",\"isPartOf\":{\"@id\":\"https:\/\/lillapanzio.ro\/#website\"},\"datePublished\":\"2026-03-04T11:46:41+00:00\",\"dateModified\":\"2026-03-04T11:58:05+00:00\",\"breadcrumb\":{\"@id\":\"https:\/\/lillapanzio.ro\/kosar\/#breadcrumb\"},\"inLanguage\":\"ro-RO\",\"potentialAction\":[{\"@type\":\"ReadAction\",\"target\":[\"https:\/\/lillapanzio.ro\/kosar\/\"]}]},{\"@type\":\"BreadcrumbList\",\"@id\":\"https:\/\/lillapanzio.ro\/kosar\/#breadcrumb\",\"itemListElement\":[{\"@type\":\"ListItem\",\"position\":1,\"name\":\"Kezd\u0151lap\",\"item\":\"https:\/\/lillapanzio.ro\/\"},{\"@type\":\"ListItem\",\"position\":2,\"name\":\"Kos\u00e1r\"}]},{\"@type\":\"WebSite\",\"@id\":\"https:\/\/lillapanzio.ro\/#website\",\"url\":\"https:\/\/lillapanzio.ro\/\",\"name\":\"Lilla Panzi\u00f3 - Sz\u00e9kelyudvarhely\",\"description\":\"\",\"publisher\":{\"@id\":\"https:\/\/lillapanzio.ro\/#organization\"},\"potentialAction\":[{\"@type\":\"SearchAction\",\"target\":{\"@type\":\"EntryPoint\",\"urlTemplate\":\"https:\/\/lillapanzio.ro\/?s={search_term_string}\"},\"query-input\":{\"@type\":\"PropertyValueSpecification\",\"valueRequired\":true,\"valueName\":\"search_term_string\"}}],\"inLanguage\":\"ro-RO\"},{\"@type\":\"Organization\",\"@id\":\"https:\/\/lillapanzio.ro\/#organization\",\"name\":\"Lilla Panzi\u00f3 - Sz\u00e9kelyudvarhely\",\"url\":\"https:\/\/lillapanzio.ro\/\",\"logo\":{\"@type\":\"ImageObject\",\"inLanguage\":\"ro-RO\",\"@id\":\"https:\/\/lillapanzio.ro\/#\/schema\/logo\/image\/\",\"url\":\"https:\/\/lillapanzio.ro\/wp-content\/uploads\/2023\/04\/header-logo.png\",\"contentUrl\":\"https:\/\/lillapanzio.ro\/wp-content\/uploads\/2023\/04\/header-logo.png\",\"width\":350,\"height\":207,\"caption\":\"Lilla Panzi\u00f3 - Sz\u00e9kelyudvarhely\"},\"image\":{\"@id\":\"https:\/\/lillapanzio.ro\/#\/schema\/logo\/image\/\"}}]}<\/script>\n<!-- \/ Yoast SEO plugin. -->","yoast_head_json":{"title":"Kos\u00e1r - Lilla Panzi\u00f3 - Sz\u00e9kelyudvarhely","robots":{"index":"index","follow":"follow","max-snippet":"max-snippet:-1","max-image-preview":"max-image-preview:large","max-video-preview":"max-video-preview:-1"},"canonical":"https:\/\/lillapanzio.ro\/ro\/kosar\/","og_locale":"ro_RO","og_type":"article","og_title":"Kos\u00e1r - Lilla Panzi\u00f3 - Sz\u00e9kelyudvarhely","og_url":"https:\/\/lillapanzio.ro\/ro\/kosar\/","og_site_name":"Lilla Panzi\u00f3 - Sz\u00e9kelyudvarhely","article_modified_time":"2026-03-04T11:58:05+00:00","og_image":[{"width":1200,"height":800,"url":"https:\/\/lillapanzio.ro\/wp-content\/uploads\/2023\/05\/Lilla-Panzio-Panzio-Galeria-16.jpg","type":"image\/jpeg"}],"twitter_card":"summary_large_image","schema":{"@context":"https:\/\/schema.org","@graph":[{"@type":"WebPage","@id":"https:\/\/lillapanzio.ro\/kosar\/","url":"https:\/\/lillapanzio.ro\/kosar\/","name":"Kos\u00e1r - Lilla Panzi\u00f3 - Sz\u00e9kelyudvarhely","isPartOf":{"@id":"https:\/\/lillapanzio.ro\/#website"},"datePublished":"2026-03-04T11:46:41+00:00","dateModified":"2026-03-04T11:58:05+00:00","breadcrumb":{"@id":"https:\/\/lillapanzio.ro\/kosar\/#breadcrumb"},"inLanguage":"ro-RO","potentialAction":[{"@type":"ReadAction","target":["https:\/\/lillapanzio.ro\/kosar\/"]}]},{"@type":"BreadcrumbList","@id":"https:\/\/lillapanzio.ro\/kosar\/#breadcrumb","itemListElement":[{"@type":"ListItem","position":1,"name":"Kezd\u0151lap","item":"https:\/\/lillapanzio.ro\/"},{"@type":"ListItem","position":2,"name":"Kos\u00e1r"}]},{"@type":"WebSite","@id":"https:\/\/lillapanzio.ro\/#website","url":"https:\/\/lillapanzio.ro\/","name":"Pensiune Lilla - Odorheiu Secuiesc","description":"","publisher":{"@id":"https:\/\/lillapanzio.ro\/#organization"},"potentialAction":[{"@type":"SearchAction","target":{"@type":"EntryPoint","urlTemplate":"https:\/\/lillapanzio.ro\/?s={search_term_string}"},"query-input":{"@type":"PropertyValueSpecification","valueRequired":true,"valueName":"search_term_string"}}],"inLanguage":"ro-RO"},{"@type":"Organization","@id":"https:\/\/lillapanzio.ro\/#organization","name":"Pensiune Lilla - Odorheiu Secuiesc","url":"https:\/\/lillapanzio.ro\/","logo":{"@type":"ImageObject","inLanguage":"ro-RO","@id":"https:\/\/lillapanzio.ro\/#\/schema\/logo\/image\/","url":"https:\/\/lillapanzio.ro\/wp-content\/uploads\/2023\/04\/header-logo.png","contentUrl":"https:\/\/lillapanzio.ro\/wp-content\/uploads\/2023\/04\/header-logo.png","width":350,"height":207,"caption":"Lilla Panzi\u00f3 - Sz\u00e9kelyudvarhely"},"image":{"@id":"https:\/\/lillapanzio.ro\/#\/schema\/logo\/image\/"}}]}},"_links":{"self":[{"href":"https:\/\/lillapanzio.ro\/ro\/wp-json\/wp\/v2\/pages\/3727","targetHints":{"allow":["GET"]}}],"collection":[{"href":"https:\/\/lillapanzio.ro\/ro\/wp-json\/wp\/v2\/pages"}],"about":[{"href":"https:\/\/lillapanzio.ro\/ro\/wp-json\/wp\/v2\/types\/page"}],"author":[{"embeddable":true,"href":"https:\/\/lillapanzio.ro\/ro\/wp-json\/wp\/v2\/users\/1"}],"replies":[{"embeddable":true,"href":"https:\/\/lillapanzio.ro\/ro\/wp-json\/wp\/v2\/comments?post=3727"}],"version-history":[{"count":1,"href":"https:\/\/lillapanzio.ro\/ro\/wp-json\/wp\/v2\/pages\/3727\/revisions"}],"predecessor-version":[{"id":3735,"href":"https:\/\/lillapanzio.ro\/ro\/wp-json\/wp\/v2\/pages\/3727\/revisions\/3735"}],"wp:attachment":[{"href":"https:\/\/lillapanzio.ro\/ro\/wp-json\/wp\/v2\/media?parent=3727"}],"curies":[{"name":"wp","href":"https:\/\/api.w.org\/{rel}","templated":true}]}}