{"id":3787,"date":"2026-03-09T09:16:08","date_gmt":"2026-03-09T07:16:08","guid":{"rendered":"https:\/\/lillapanzio.ro\/?post_type=product&#038;p=3787"},"modified":"2026-03-09T09:29:59","modified_gmt":"2026-03-09T07:29:59","slug":"argor-heraeus-aranyrud-1uncia","status":"publish","type":"product","link":"https:\/\/lillapanzio.ro\/de\/termek\/argor-heraeus-aranyrud-1uncia\/","title":{"rendered":"Argor Heraeus Goldbarren 1 Unze"},"content":{"rendered":"<p class=\"translation-block\">Der 1-Unzen-Goldbarren von Argor Heraeus besteht aus 999,9\u2030 (24 Karat) reinem Anlagegold. Hergestellt wird das Produkt von der weltbekannten Schweizer Raffinerie Argor Heraeus, einem bedeutenden Akteur auf dem internationalen Edelmetallmarkt.<\/p>\n<p>Der Barren wurde im Pr\u00e4geverfahren hergestellt, wodurch seine Oberfl\u00e4che glatt, pr\u00e4zise und elegant wirkt. Das Herstellerlogo, die Gewichtsangabe von 1 Unze sowie der Feingehalt von 999,9 sind deutlich sichtbar.<\/p>\n<p class=\"translation-block\">Jeder Barren wird in einer Sicherheitsblisterverpackung geliefert, die gleichzeitig als Echtheitszertifikat dient. Auf der Verpackung befindet sich eine eindeutige Seriennummer, die die Echtheit des Goldbarrens garantiert.<\/p>\n<p>Der 1-Unzen-Goldbarren ist eine der weltweit beliebtesten Goldanlagegr\u00f6\u00dfen und somit eine ideale Wahl f\u00fcr alle, die physisches Gold von erheblichem Wert in einer stabilen und international anerkannten Form erwerben m\u00f6chten.<\/p>\n<h6>Hauptvorteile<\/h6>\n<ul>\n<li>24 Karat, 999,9\u2030 Feingold<\/li>\n<li class=\"translation-block\">Swiss Made \u2013 Argor Heraeus Raffinerie<\/li>\n<li>Zertifizierte Blisterverpackung<\/li>\n<li class=\"translation-block\">Jedes St\u00fcck besitzt eine individuelle Seriennummer.<\/li>\n<li>International anerkanntes und leicht marktf\u00e4higes Anlagegold<\/li>\n<\/ul>\n<h6>Empfohlene Verwendung<\/h6>\n<ul>\n<li>Investition in physisches Gold<\/li>\n<li>Diversifizierung des Finanzportfolios<\/li>\n<li>ein wertvolles Geschenk f\u00fcr besondere Anl\u00e4sse<\/li>\n<li>aranytartal\u00e9k fel\u00e9p\u00edt\u00e9se hossz\u00fa t\u00e1vra<\/li>\n<\/ul>\n<h6>Warum sollte man sich f\u00fcr den Argor Heraeus 1-Unzen-Goldbarren entscheiden?<\/h6>\n<p class=\"translation-block\">Argor Heraeus z\u00e4hlt zu den weltweit renommiertesten Edelmetallraffinerien und produziert Goldbarren in Anlagequalit\u00e4t nach strengen Qualit\u00e4ts- und Reinheitsstandards. Die Produkte der Marke sind international anerkannt und problemlos handelbar.<\/p>\n<p>Der 1-Unzen-Goldbarren (31,1 Gramm) ist eine der begehrtesten Anlageformen auf dem internationalen Markt, da er ein hervorragendes Gleichgewicht zwischen hohem Wert und einfacher Handelsbarkeit bietet.<\/p>","protected":false},"excerpt":{"rendered":"<p class=\"translation-block\">Der 1-Unzen-Goldbarren \u201eArgor Heraeus\u201c besteht aus 24-kar\u00e4tigem Anlagegold (999,9 \u2030 Reinheit) und wird in der Schweiz hergestellt. Er ist elegant gepresst, in einer Sicherheitsblisterverpackung verpackt und mit einer individuellen Seriennummer versehen, die seine Echtheit garantiert. Eine ideale Wahl als Wertanlage oder wertvolles Geschenk.<\/p>","protected":false},"featured_media":3788,"comment_status":"open","ping_status":"closed","template":"","meta":{"_acf_changed":false},"product_brand":[],"product_cat":[17],"product_tag":[],"class_list":{"0":"post-3787","1":"product","2":"type-product","3":"status-publish","4":"has-post-thumbnail","6":"product_cat-arany","8":"first","9":"outofstock","10":"shipping-taxable","11":"product-type-simple"},"acf":[],"yoast_head":"<!-- This site is optimized with the Yoast SEO plugin v27.1.1 - https:\/\/yoast.com\/product\/yoast-seo-wordpress\/ -->\n<title>Argor Heraeus aranyr\u00fad 1uncia - Lilla Panzi\u00f3 - Sz\u00e9kelyudvarhely<\/title>\n<meta name=\"description\" content=\"Argor Heraeus 1 oz aranyr\u00fad (31.1 g) 999.9\u2030 tisztas\u00e1g\u00fa, 24 kar\u00e1tos befektet\u00e9si arany Sv\u00e1jcb\u00f3l. Hiteles\u00edtett blister csomagol\u00e1sban, egyedi sorsz\u00e1mmal.\" \/>\n<meta name=\"robots\" content=\"index, follow, max-snippet:-1, max-image-preview:large, max-video-preview:-1\" \/>\n<link rel=\"canonical\" href=\"https:\/\/lillapanzio.ro\/de\/produkt\/argor-heraeus-aranyrud-1uncia\/\" \/>\n<meta property=\"og:locale\" content=\"de_DE\" \/>\n<meta property=\"og:type\" content=\"article\" \/>\n<meta property=\"og:title\" content=\"Argor Heraeus aranyr\u00fad 1uncia - Lilla Panzi\u00f3 - Sz\u00e9kelyudvarhely\" \/>\n<meta property=\"og:description\" content=\"Argor Heraeus 1 oz aranyr\u00fad (31.1 g) 999.9\u2030 tisztas\u00e1g\u00fa, 24 kar\u00e1tos befektet\u00e9si arany Sv\u00e1jcb\u00f3l. Hiteles\u00edtett blister csomagol\u00e1sban, egyedi sorsz\u00e1mmal.\" \/>\n<meta property=\"og:url\" content=\"https:\/\/lillapanzio.ro\/de\/produkt\/argor-heraeus-aranyrud-1uncia\/\" \/>\n<meta property=\"og:site_name\" content=\"Lilla Panzi\u00f3 - Sz\u00e9kelyudvarhely\" \/>\n<meta property=\"article:modified_time\" content=\"2026-03-09T07:29:59+00:00\" \/>\n<meta property=\"og:image\" content=\"https:\/\/lillapanzio.ro\/wp-content\/uploads\/2026\/03\/Lilla-Panzio-Lingou-aur-Argor-Heraeus-1uncia.png\" \/>\n\t<meta property=\"og:image:width\" content=\"1024\" \/>\n\t<meta property=\"og:image:height\" content=\"1024\" \/>\n\t<meta property=\"og:image:type\" content=\"image\/png\" \/>\n<meta name=\"twitter:card\" content=\"summary_large_image\" \/>\n<meta name=\"twitter:label1\" content=\"Gesch\u00e4tzte Lesezeit\" \/>\n\t<meta name=\"twitter:data1\" content=\"2\u00a0Minuten\" \/>\n<script type=\"application\/ld+json\" class=\"yoast-schema-graph\">{\"@context\":\"https:\/\/schema.org\",\"@graph\":[{\"@type\":\"WebPage\",\"@id\":\"https:\/\/lillapanzio.ro\/termek\/argor-heraeus-aranyrud-1uncia\/\",\"url\":\"https:\/\/lillapanzio.ro\/termek\/argor-heraeus-aranyrud-1uncia\/\",\"name\":\"Argor Heraeus aranyr\u00fad 1uncia - Lilla Panzi\u00f3 - Sz\u00e9kelyudvarhely\",\"isPartOf\":{\"@id\":\"https:\/\/lillapanzio.ro\/#website\"},\"primaryImageOfPage\":{\"@id\":\"https:\/\/lillapanzio.ro\/termek\/argor-heraeus-aranyrud-1uncia\/#primaryimage\"},\"image\":{\"@id\":\"https:\/\/lillapanzio.ro\/termek\/argor-heraeus-aranyrud-1uncia\/#primaryimage\"},\"thumbnailUrl\":\"https:\/\/lillapanzio.ro\/wp-content\/uploads\/2026\/03\/Lilla-Panzio-Lingou-aur-Argor-Heraeus-1uncia.png\",\"datePublished\":\"2026-03-09T07:16:08+00:00\",\"dateModified\":\"2026-03-09T07:29:59+00:00\",\"description\":\"Argor Heraeus 1 oz aranyr\u00fad (31.1 g) 999.9\u2030 tisztas\u00e1g\u00fa, 24 kar\u00e1tos befektet\u00e9si arany Sv\u00e1jcb\u00f3l. Hiteles\u00edtett blister csomagol\u00e1sban, egyedi sorsz\u00e1mmal.\",\"breadcrumb\":{\"@id\":\"https:\/\/lillapanzio.ro\/termek\/argor-heraeus-aranyrud-1uncia\/#breadcrumb\"},\"inLanguage\":\"de\",\"potentialAction\":[{\"@type\":\"ReadAction\",\"target\":[\"https:\/\/lillapanzio.ro\/termek\/argor-heraeus-aranyrud-1uncia\/\"]}]},{\"@type\":\"ImageObject\",\"inLanguage\":\"de\",\"@id\":\"https:\/\/lillapanzio.ro\/termek\/argor-heraeus-aranyrud-1uncia\/#primaryimage\",\"url\":\"https:\/\/lillapanzio.ro\/wp-content\/uploads\/2026\/03\/Lilla-Panzio-Lingou-aur-Argor-Heraeus-1uncia.png\",\"contentUrl\":\"https:\/\/lillapanzio.ro\/wp-content\/uploads\/2026\/03\/Lilla-Panzio-Lingou-aur-Argor-Heraeus-1uncia.png\",\"width\":1024,\"height\":1024,\"caption\":\"Lilla Panzio - Lingou aur Argor Heraeus 1uncia\"},{\"@type\":\"BreadcrumbList\",\"@id\":\"https:\/\/lillapanzio.ro\/termek\/argor-heraeus-aranyrud-1uncia\/#breadcrumb\",\"itemListElement\":[{\"@type\":\"ListItem\",\"position\":1,\"name\":\"Kezd\u0151lap\",\"item\":\"https:\/\/lillapanzio.ro\/\"},{\"@type\":\"ListItem\",\"position\":2,\"name\":\"Term\u00e9kek\",\"item\":\"https:\/\/lillapanzio.ro\/uzlet\/\"},{\"@type\":\"ListItem\",\"position\":3,\"name\":\"Argor Heraeus aranyr\u00fad 1uncia\"}]},{\"@type\":\"WebSite\",\"@id\":\"https:\/\/lillapanzio.ro\/#website\",\"url\":\"https:\/\/lillapanzio.ro\/\",\"name\":\"Lilla Panzi\u00f3 - Sz\u00e9kelyudvarhely\",\"description\":\"\",\"publisher\":{\"@id\":\"https:\/\/lillapanzio.ro\/#organization\"},\"potentialAction\":[{\"@type\":\"SearchAction\",\"target\":{\"@type\":\"EntryPoint\",\"urlTemplate\":\"https:\/\/lillapanzio.ro\/?s={search_term_string}\"},\"query-input\":{\"@type\":\"PropertyValueSpecification\",\"valueRequired\":true,\"valueName\":\"search_term_string\"}}],\"inLanguage\":\"de\"},{\"@type\":\"Organization\",\"@id\":\"https:\/\/lillapanzio.ro\/#organization\",\"name\":\"Lilla Panzi\u00f3 - Sz\u00e9kelyudvarhely\",\"url\":\"https:\/\/lillapanzio.ro\/\",\"logo\":{\"@type\":\"ImageObject\",\"inLanguage\":\"de\",\"@id\":\"https:\/\/lillapanzio.ro\/#\/schema\/logo\/image\/\",\"url\":\"https:\/\/lillapanzio.ro\/wp-content\/uploads\/2023\/04\/header-logo.png\",\"contentUrl\":\"https:\/\/lillapanzio.ro\/wp-content\/uploads\/2023\/04\/header-logo.png\",\"width\":350,\"height\":207,\"caption\":\"Lilla Panzi\u00f3 - Sz\u00e9kelyudvarhely\"},\"image\":{\"@id\":\"https:\/\/lillapanzio.ro\/#\/schema\/logo\/image\/\"}}]}<\/script>\n<!-- \/ Yoast SEO plugin. -->","yoast_head_json":{"title":"Argor Heraeus aranyr\u00fad 1uncia - Lilla Panzi\u00f3 - Sz\u00e9kelyudvarhely","description":"Argor Heraeus 1 oz aranyr\u00fad (31.1 g) 999.9\u2030 tisztas\u00e1g\u00fa, 24 kar\u00e1tos befektet\u00e9si arany Sv\u00e1jcb\u00f3l. Hiteles\u00edtett blister csomagol\u00e1sban, egyedi sorsz\u00e1mmal.","robots":{"index":"index","follow":"follow","max-snippet":"max-snippet:-1","max-image-preview":"max-image-preview:large","max-video-preview":"max-video-preview:-1"},"canonical":"https:\/\/lillapanzio.ro\/de\/produkt\/argor-heraeus-aranyrud-1uncia\/","og_locale":"de_DE","og_type":"article","og_title":"Argor Heraeus aranyr\u00fad 1uncia - Lilla Panzi\u00f3 - Sz\u00e9kelyudvarhely","og_description":"Argor Heraeus 1 oz aranyr\u00fad (31.1 g) 999.9\u2030 tisztas\u00e1g\u00fa, 24 kar\u00e1tos befektet\u00e9si arany Sv\u00e1jcb\u00f3l. Hiteles\u00edtett blister csomagol\u00e1sban, egyedi sorsz\u00e1mmal.","og_url":"https:\/\/lillapanzio.ro\/de\/produkt\/argor-heraeus-aranyrud-1uncia\/","og_site_name":"Lilla Panzi\u00f3 - Sz\u00e9kelyudvarhely","article_modified_time":"2026-03-09T07:29:59+00:00","og_image":[{"width":1024,"height":1024,"url":"https:\/\/lillapanzio.ro\/wp-content\/uploads\/2026\/03\/Lilla-Panzio-Lingou-aur-Argor-Heraeus-1uncia.png","type":"image\/png"}],"twitter_card":"summary_large_image","twitter_misc":{"Gesch\u00e4tzte Lesezeit":"2\u00a0Minuten"},"schema":{"@context":"https:\/\/schema.org","@graph":[{"@type":"WebPage","@id":"https:\/\/lillapanzio.ro\/termek\/argor-heraeus-aranyrud-1uncia\/","url":"https:\/\/lillapanzio.ro\/termek\/argor-heraeus-aranyrud-1uncia\/","name":"Argor Heraeus aranyr\u00fad 1uncia - Lilla Panzi\u00f3 - Sz\u00e9kelyudvarhely","isPartOf":{"@id":"https:\/\/lillapanzio.ro\/#website"},"primaryImageOfPage":{"@id":"https:\/\/lillapanzio.ro\/termek\/argor-heraeus-aranyrud-1uncia\/#primaryimage"},"image":{"@id":"https:\/\/lillapanzio.ro\/termek\/argor-heraeus-aranyrud-1uncia\/#primaryimage"},"thumbnailUrl":"https:\/\/lillapanzio.ro\/wp-content\/uploads\/2026\/03\/Lilla-Panzio-Lingou-aur-Argor-Heraeus-1uncia.png","datePublished":"2026-03-09T07:16:08+00:00","dateModified":"2026-03-09T07:29:59+00:00","description":"Argor Heraeus 1 oz aranyr\u00fad (31.1 g) 999.9\u2030 tisztas\u00e1g\u00fa, 24 kar\u00e1tos befektet\u00e9si arany Sv\u00e1jcb\u00f3l. Hiteles\u00edtett blister csomagol\u00e1sban, egyedi sorsz\u00e1mmal.","breadcrumb":{"@id":"https:\/\/lillapanzio.ro\/termek\/argor-heraeus-aranyrud-1uncia\/#breadcrumb"},"inLanguage":"de","potentialAction":[{"@type":"ReadAction","target":["https:\/\/lillapanzio.ro\/termek\/argor-heraeus-aranyrud-1uncia\/"]}]},{"@type":"ImageObject","inLanguage":"de","@id":"https:\/\/lillapanzio.ro\/termek\/argor-heraeus-aranyrud-1uncia\/#primaryimage","url":"https:\/\/lillapanzio.ro\/wp-content\/uploads\/2026\/03\/Lilla-Panzio-Lingou-aur-Argor-Heraeus-1uncia.png","contentUrl":"https:\/\/lillapanzio.ro\/wp-content\/uploads\/2026\/03\/Lilla-Panzio-Lingou-aur-Argor-Heraeus-1uncia.png","width":1024,"height":1024,"caption":"Lilla Panzio - Lingou aur Argor Heraeus 1uncia"},{"@type":"BreadcrumbList","@id":"https:\/\/lillapanzio.ro\/termek\/argor-heraeus-aranyrud-1uncia\/#breadcrumb","itemListElement":[{"@type":"ListItem","position":1,"name":"Kezd\u0151lap","item":"https:\/\/lillapanzio.ro\/"},{"@type":"ListItem","position":2,"name":"Term\u00e9kek","item":"https:\/\/lillapanzio.ro\/uzlet\/"},{"@type":"ListItem","position":3,"name":"Argor Heraeus aranyr\u00fad 1uncia"}]},{"@type":"WebSite","@id":"https:\/\/lillapanzio.ro\/#website","url":"https:\/\/lillapanzio.ro\/","name":"Lilla Pension - Odorhellen","description":"","publisher":{"@id":"https:\/\/lillapanzio.ro\/#organization"},"potentialAction":[{"@type":"SearchAction","target":{"@type":"EntryPoint","urlTemplate":"https:\/\/lillapanzio.ro\/?s={search_term_string}"},"query-input":{"@type":"PropertyValueSpecification","valueRequired":true,"valueName":"search_term_string"}}],"inLanguage":"de"},{"@type":"Organization","@id":"https:\/\/lillapanzio.ro\/#organization","name":"Lilla Pension - Odorhellen","url":"https:\/\/lillapanzio.ro\/","logo":{"@type":"ImageObject","inLanguage":"de","@id":"https:\/\/lillapanzio.ro\/#\/schema\/logo\/image\/","url":"https:\/\/lillapanzio.ro\/wp-content\/uploads\/2023\/04\/header-logo.png","contentUrl":"https:\/\/lillapanzio.ro\/wp-content\/uploads\/2023\/04\/header-logo.png","width":350,"height":207,"caption":"Lilla Panzi\u00f3 - Sz\u00e9kelyudvarhely"},"image":{"@id":"https:\/\/lillapanzio.ro\/#\/schema\/logo\/image\/"}}]}},"_links":{"self":[{"href":"https:\/\/lillapanzio.ro\/de\/wp-json\/wp\/v2\/product\/3787","targetHints":{"allow":["GET"]}}],"collection":[{"href":"https:\/\/lillapanzio.ro\/de\/wp-json\/wp\/v2\/product"}],"about":[{"href":"https:\/\/lillapanzio.ro\/de\/wp-json\/wp\/v2\/types\/product"}],"replies":[{"embeddable":true,"href":"https:\/\/lillapanzio.ro\/de\/wp-json\/wp\/v2\/comments?post=3787"}],"wp:featuredmedia":[{"embeddable":true,"href":"https:\/\/lillapanzio.ro\/de\/wp-json\/wp\/v2\/media\/3788"}],"wp:attachment":[{"href":"https:\/\/lillapanzio.ro\/de\/wp-json\/wp\/v2\/media?parent=3787"}],"wp:term":[{"taxonomy":"product_brand","embeddable":true,"href":"https:\/\/lillapanzio.ro\/de\/wp-json\/wp\/v2\/product_brand?post=3787"},{"taxonomy":"product_cat","embeddable":true,"href":"https:\/\/lillapanzio.ro\/de\/wp-json\/wp\/v2\/product_cat?post=3787"},{"taxonomy":"product_tag","embeddable":true,"href":"https:\/\/lillapanzio.ro\/de\/wp-json\/wp\/v2\/product_tag?post=3787"}],"curies":[{"name":"wp","href":"https:\/\/api.w.org\/{rel}","templated":true}]}}