{"id":3779,"date":"2026-03-09T08:50:04","date_gmt":"2026-03-09T06:50:04","guid":{"rendered":"https:\/\/lillapanzio.ro\/?post_type=product&#038;p=3779"},"modified":"2026-03-18T08:40:23","modified_gmt":"2026-03-18T06:40:23","slug":"argor-heraeus-aranyrud-10g","status":"publish","type":"product","link":"https:\/\/lillapanzio.ro\/de\/termek\/argor-heraeus-aranyrud-10g\/","title":{"rendered":"Argor Heraeus Goldbarren 10g"},"content":{"rendered":"<p class=\"translation-block\">Az <strong>Argor Heraeus 10 grammos aranyr\u00fad<\/strong> befektet\u00e9si c\u00e9lra k\u00e9sz\u00fclt, 999.9\u2030 tisztas\u00e1g\u00fa (24 kar\u00e1tos) aranyb\u00f3l. A term\u00e9ket a vil\u00e1gszerte elismert sv\u00e1jci Argor Heraeus finom\u00edt\u00f3 gy\u00e1rtja, amely a nemzetk\u00f6zi nemesf\u00e9m-piac egyik vezet\u0151 szerepl\u0151je.<\/p>\n<p>Der Goldbarren wurde im Pr\u00e4geverfahren hergestellt, wodurch seine Oberfl\u00e4che glatt, pr\u00e4zise und elegant wirkt. Das Herstellerlogo, die 10-g-Gewichtsangabe sowie der Feingehalt von 999,9 sind deutlich sichtbar.<\/p>\n<p class=\"translation-block\">Jeder Barren wird in einer Sicherheitsblisterverpackung geliefert, die gleichzeitig als Echtheitszertifikat dient. Auf der Verpackung befindet sich eine eindeutige Seriennummer, die die Echtheit des Goldbarrens garantiert.<\/p>\n<p>A 10 grammos m\u00e9ret ide\u00e1lis v\u00e1laszt\u00e1s azok sz\u00e1m\u00e1ra, akik stabil \u00e9s \u00e9rt\u00e9k\u00e1ll\u00f3 befektet\u00e9st keresnek, mik\u00f6zben rugalmas m\u00e9retben szeretn\u00e9nek aranyat v\u00e1s\u00e1rolni.<\/p>\n<h6>Hauptvorteile<\/h6>\n<ul>\n<li>24 Karat, 999,9\u2030 Feingold<\/li>\n<li class=\"translation-block\">Swiss Made \u2013 Argor Heraeus Raffinerie<\/li>\n<li>Zertifizierte Blisterverpackung<\/li>\n<li class=\"translation-block\">Jedes St\u00fcck besitzt eine individuelle Seriennummer.<\/li>\n<li>International anerkanntes und leicht marktf\u00e4higes Anlagegold<\/li>\n<\/ul>\n<h6>Empfohlene Verwendung<\/h6>\n<ul>\n<li>Investition in physisches Gold<\/li>\n<li>Diversifizierung des Finanzportfolios<\/li>\n<li>ein wertvolles Geschenk f\u00fcr besondere Anl\u00e4sse<\/li>\n<li>allm\u00e4hlicher Aufbau der Goldreserven<\/li>\n<\/ul>\n<h6>Warum sollte man sich f\u00fcr den 10-Gramm-Goldbarren von Argor Heraeus entscheiden?<\/h6>\n<p class=\"translation-block\">Argor Heraeus z\u00e4hlt zu den weltweit renommiertesten Edelmetallraffinerien und produziert Goldbarren in Anlagequalit\u00e4t nach strengen Qualit\u00e4ts- und Reinheitsstandards. Die Produkte der Marke sind international anerkannt und problemlos handelbar.<\/p>\n<p>Der 10-Gramm-Goldbarren ist eine ausgezeichnete Wahl f\u00fcr diejenigen, die eine wertvollere Investition in physisches Gold w\u00fcnschen und gleichzeitig die Flexibilit\u00e4t kleinerer Goldbarren beibehalten m\u00f6chten.<\/p>","protected":false},"excerpt":{"rendered":"<p class=\"translation-block\">Der 10-Gramm-Goldbarren Argor Heraeus besteht aus 24-kar\u00e4tigem Anlagegold (999,9 \u2030 Reinheit) und wurde in der Schweiz hergestellt. Er ist elegant gepresst, in einer Sicherheitsblisterverpackung verpackt und mit einer individuellen Seriennummer versehen, die seine Echtheit garantiert. Eine ideale Wahl als Wertanlage oder wertvolles Geschenk.<\/p>","protected":false},"featured_media":3780,"comment_status":"open","ping_status":"closed","template":"","meta":{"_acf_changed":false},"product_brand":[],"product_cat":[17],"product_tag":[],"class_list":{"0":"post-3779","1":"product","2":"type-product","3":"status-publish","4":"has-post-thumbnail","6":"product_cat-arany","8":"first","9":"instock","10":"shipping-taxable","11":"product-type-simple"},"acf":[],"yoast_head":"<!-- This site is optimized with the Yoast SEO plugin v27.1.1 - https:\/\/yoast.com\/product\/yoast-seo-wordpress\/ -->\n<title>Argor Heraeus aranyr\u00fad 10g - Lilla Panzi\u00f3 - Sz\u00e9kelyudvarhely<\/title>\n<meta name=\"description\" content=\"Argor Heraeus 10 g aranyr\u00fad 999.9\u2030 tisztas\u00e1g\u00fa, 24 kar\u00e1tos befektet\u00e9si arany Sv\u00e1jcb\u00f3l. Hiteles\u00edtett blister csomagol\u00e1sban, egyedi sorsz\u00e1mmal, nemzetk\u00f6zileg elismert aranybefektet\u00e9s.\" \/>\n<meta name=\"robots\" content=\"index, follow, max-snippet:-1, max-image-preview:large, max-video-preview:-1\" \/>\n<link rel=\"canonical\" href=\"https:\/\/lillapanzio.ro\/de\/produkt\/argor-heraeus-aranyrud-10g\/\" \/>\n<meta property=\"og:locale\" content=\"de_DE\" \/>\n<meta property=\"og:type\" content=\"article\" \/>\n<meta property=\"og:title\" content=\"Argor Heraeus aranyr\u00fad 10g - Lilla Panzi\u00f3 - Sz\u00e9kelyudvarhely\" \/>\n<meta property=\"og:description\" content=\"Argor Heraeus 10 g aranyr\u00fad 999.9\u2030 tisztas\u00e1g\u00fa, 24 kar\u00e1tos befektet\u00e9si arany Sv\u00e1jcb\u00f3l. Hiteles\u00edtett blister csomagol\u00e1sban, egyedi sorsz\u00e1mmal, nemzetk\u00f6zileg elismert aranybefektet\u00e9s.\" \/>\n<meta property=\"og:url\" content=\"https:\/\/lillapanzio.ro\/de\/produkt\/argor-heraeus-aranyrud-10g\/\" \/>\n<meta property=\"og:site_name\" content=\"Lilla Panzi\u00f3 - Sz\u00e9kelyudvarhely\" \/>\n<meta property=\"article:modified_time\" content=\"2026-03-18T06:40:23+00:00\" \/>\n<meta property=\"og:image\" content=\"https:\/\/lillapanzio.ro\/wp-content\/uploads\/2026\/03\/Lilla-Panzio-Lingou-aur-Argor-Heraeus-10g.png\" \/>\n\t<meta property=\"og:image:width\" content=\"1024\" \/>\n\t<meta property=\"og:image:height\" content=\"1024\" \/>\n\t<meta property=\"og:image:type\" content=\"image\/png\" \/>\n<meta name=\"twitter:card\" content=\"summary_large_image\" \/>\n<meta name=\"twitter:label1\" content=\"Gesch\u00e4tzte Lesezeit\" \/>\n\t<meta name=\"twitter:data1\" content=\"2\u00a0Minuten\" \/>\n<script type=\"application\/ld+json\" class=\"yoast-schema-graph\">{\"@context\":\"https:\/\/schema.org\",\"@graph\":[{\"@type\":\"WebPage\",\"@id\":\"https:\/\/lillapanzio.ro\/termek\/argor-heraeus-aranyrud-10g\/\",\"url\":\"https:\/\/lillapanzio.ro\/termek\/argor-heraeus-aranyrud-10g\/\",\"name\":\"Argor Heraeus aranyr\u00fad 10g - Lilla Panzi\u00f3 - Sz\u00e9kelyudvarhely\",\"isPartOf\":{\"@id\":\"https:\/\/lillapanzio.ro\/#website\"},\"primaryImageOfPage\":{\"@id\":\"https:\/\/lillapanzio.ro\/termek\/argor-heraeus-aranyrud-10g\/#primaryimage\"},\"image\":{\"@id\":\"https:\/\/lillapanzio.ro\/termek\/argor-heraeus-aranyrud-10g\/#primaryimage\"},\"thumbnailUrl\":\"https:\/\/lillapanzio.ro\/wp-content\/uploads\/2026\/03\/Lilla-Panzio-Lingou-aur-Argor-Heraeus-10g.png\",\"datePublished\":\"2026-03-09T06:50:04+00:00\",\"dateModified\":\"2026-03-18T06:40:23+00:00\",\"description\":\"Argor Heraeus 10 g aranyr\u00fad 999.9\u2030 tisztas\u00e1g\u00fa, 24 kar\u00e1tos befektet\u00e9si arany Sv\u00e1jcb\u00f3l. Hiteles\u00edtett blister csomagol\u00e1sban, egyedi sorsz\u00e1mmal, nemzetk\u00f6zileg elismert aranybefektet\u00e9s.\",\"breadcrumb\":{\"@id\":\"https:\/\/lillapanzio.ro\/termek\/argor-heraeus-aranyrud-10g\/#breadcrumb\"},\"inLanguage\":\"de\",\"potentialAction\":[{\"@type\":\"ReadAction\",\"target\":[\"https:\/\/lillapanzio.ro\/termek\/argor-heraeus-aranyrud-10g\/\"]}]},{\"@type\":\"ImageObject\",\"inLanguage\":\"de\",\"@id\":\"https:\/\/lillapanzio.ro\/termek\/argor-heraeus-aranyrud-10g\/#primaryimage\",\"url\":\"https:\/\/lillapanzio.ro\/wp-content\/uploads\/2026\/03\/Lilla-Panzio-Lingou-aur-Argor-Heraeus-10g.png\",\"contentUrl\":\"https:\/\/lillapanzio.ro\/wp-content\/uploads\/2026\/03\/Lilla-Panzio-Lingou-aur-Argor-Heraeus-10g.png\",\"width\":1024,\"height\":1024,\"caption\":\"Lilla Panzio - Lingou aur Argor Heraeus 10g\"},{\"@type\":\"BreadcrumbList\",\"@id\":\"https:\/\/lillapanzio.ro\/termek\/argor-heraeus-aranyrud-10g\/#breadcrumb\",\"itemListElement\":[{\"@type\":\"ListItem\",\"position\":1,\"name\":\"Kezd\u0151lap\",\"item\":\"https:\/\/lillapanzio.ro\/\"},{\"@type\":\"ListItem\",\"position\":2,\"name\":\"Term\u00e9kek\",\"item\":\"https:\/\/lillapanzio.ro\/uzlet\/\"},{\"@type\":\"ListItem\",\"position\":3,\"name\":\"Argor Heraeus aranyr\u00fad 10g\"}]},{\"@type\":\"WebSite\",\"@id\":\"https:\/\/lillapanzio.ro\/#website\",\"url\":\"https:\/\/lillapanzio.ro\/\",\"name\":\"Lilla Panzi\u00f3 - Sz\u00e9kelyudvarhely\",\"description\":\"\",\"publisher\":{\"@id\":\"https:\/\/lillapanzio.ro\/#organization\"},\"potentialAction\":[{\"@type\":\"SearchAction\",\"target\":{\"@type\":\"EntryPoint\",\"urlTemplate\":\"https:\/\/lillapanzio.ro\/?s={search_term_string}\"},\"query-input\":{\"@type\":\"PropertyValueSpecification\",\"valueRequired\":true,\"valueName\":\"search_term_string\"}}],\"inLanguage\":\"de\"},{\"@type\":\"Organization\",\"@id\":\"https:\/\/lillapanzio.ro\/#organization\",\"name\":\"Lilla Panzi\u00f3 - Sz\u00e9kelyudvarhely\",\"url\":\"https:\/\/lillapanzio.ro\/\",\"logo\":{\"@type\":\"ImageObject\",\"inLanguage\":\"de\",\"@id\":\"https:\/\/lillapanzio.ro\/#\/schema\/logo\/image\/\",\"url\":\"https:\/\/lillapanzio.ro\/wp-content\/uploads\/2023\/04\/header-logo.png\",\"contentUrl\":\"https:\/\/lillapanzio.ro\/wp-content\/uploads\/2023\/04\/header-logo.png\",\"width\":350,\"height\":207,\"caption\":\"Lilla Panzi\u00f3 - Sz\u00e9kelyudvarhely\"},\"image\":{\"@id\":\"https:\/\/lillapanzio.ro\/#\/schema\/logo\/image\/\"}}]}<\/script>\n<!-- \/ Yoast SEO plugin. -->","yoast_head_json":{"title":"Argor Heraeus aranyr\u00fad 10g - Lilla Panzi\u00f3 - Sz\u00e9kelyudvarhely","description":"Argor Heraeus 10 g aranyr\u00fad 999.9\u2030 tisztas\u00e1g\u00fa, 24 kar\u00e1tos befektet\u00e9si arany Sv\u00e1jcb\u00f3l. Hiteles\u00edtett blister csomagol\u00e1sban, egyedi sorsz\u00e1mmal, nemzetk\u00f6zileg elismert aranybefektet\u00e9s.","robots":{"index":"index","follow":"follow","max-snippet":"max-snippet:-1","max-image-preview":"max-image-preview:large","max-video-preview":"max-video-preview:-1"},"canonical":"https:\/\/lillapanzio.ro\/de\/produkt\/argor-heraeus-aranyrud-10g\/","og_locale":"de_DE","og_type":"article","og_title":"Argor Heraeus aranyr\u00fad 10g - Lilla Panzi\u00f3 - Sz\u00e9kelyudvarhely","og_description":"Argor Heraeus 10 g aranyr\u00fad 999.9\u2030 tisztas\u00e1g\u00fa, 24 kar\u00e1tos befektet\u00e9si arany Sv\u00e1jcb\u00f3l. Hiteles\u00edtett blister csomagol\u00e1sban, egyedi sorsz\u00e1mmal, nemzetk\u00f6zileg elismert aranybefektet\u00e9s.","og_url":"https:\/\/lillapanzio.ro\/de\/produkt\/argor-heraeus-aranyrud-10g\/","og_site_name":"Lilla Panzi\u00f3 - Sz\u00e9kelyudvarhely","article_modified_time":"2026-03-18T06:40:23+00:00","og_image":[{"width":1024,"height":1024,"url":"https:\/\/lillapanzio.ro\/wp-content\/uploads\/2026\/03\/Lilla-Panzio-Lingou-aur-Argor-Heraeus-10g.png","type":"image\/png"}],"twitter_card":"summary_large_image","twitter_misc":{"Gesch\u00e4tzte Lesezeit":"2\u00a0Minuten"},"schema":{"@context":"https:\/\/schema.org","@graph":[{"@type":"WebPage","@id":"https:\/\/lillapanzio.ro\/termek\/argor-heraeus-aranyrud-10g\/","url":"https:\/\/lillapanzio.ro\/termek\/argor-heraeus-aranyrud-10g\/","name":"Argor Heraeus aranyr\u00fad 10g - Lilla Panzi\u00f3 - Sz\u00e9kelyudvarhely","isPartOf":{"@id":"https:\/\/lillapanzio.ro\/#website"},"primaryImageOfPage":{"@id":"https:\/\/lillapanzio.ro\/termek\/argor-heraeus-aranyrud-10g\/#primaryimage"},"image":{"@id":"https:\/\/lillapanzio.ro\/termek\/argor-heraeus-aranyrud-10g\/#primaryimage"},"thumbnailUrl":"https:\/\/lillapanzio.ro\/wp-content\/uploads\/2026\/03\/Lilla-Panzio-Lingou-aur-Argor-Heraeus-10g.png","datePublished":"2026-03-09T06:50:04+00:00","dateModified":"2026-03-18T06:40:23+00:00","description":"Argor Heraeus 10 g aranyr\u00fad 999.9\u2030 tisztas\u00e1g\u00fa, 24 kar\u00e1tos befektet\u00e9si arany Sv\u00e1jcb\u00f3l. Hiteles\u00edtett blister csomagol\u00e1sban, egyedi sorsz\u00e1mmal, nemzetk\u00f6zileg elismert aranybefektet\u00e9s.","breadcrumb":{"@id":"https:\/\/lillapanzio.ro\/termek\/argor-heraeus-aranyrud-10g\/#breadcrumb"},"inLanguage":"de","potentialAction":[{"@type":"ReadAction","target":["https:\/\/lillapanzio.ro\/termek\/argor-heraeus-aranyrud-10g\/"]}]},{"@type":"ImageObject","inLanguage":"de","@id":"https:\/\/lillapanzio.ro\/termek\/argor-heraeus-aranyrud-10g\/#primaryimage","url":"https:\/\/lillapanzio.ro\/wp-content\/uploads\/2026\/03\/Lilla-Panzio-Lingou-aur-Argor-Heraeus-10g.png","contentUrl":"https:\/\/lillapanzio.ro\/wp-content\/uploads\/2026\/03\/Lilla-Panzio-Lingou-aur-Argor-Heraeus-10g.png","width":1024,"height":1024,"caption":"Lilla Panzio - Lingou aur Argor Heraeus 10g"},{"@type":"BreadcrumbList","@id":"https:\/\/lillapanzio.ro\/termek\/argor-heraeus-aranyrud-10g\/#breadcrumb","itemListElement":[{"@type":"ListItem","position":1,"name":"Kezd\u0151lap","item":"https:\/\/lillapanzio.ro\/"},{"@type":"ListItem","position":2,"name":"Term\u00e9kek","item":"https:\/\/lillapanzio.ro\/uzlet\/"},{"@type":"ListItem","position":3,"name":"Argor Heraeus aranyr\u00fad 10g"}]},{"@type":"WebSite","@id":"https:\/\/lillapanzio.ro\/#website","url":"https:\/\/lillapanzio.ro\/","name":"Lilla Pension - Odorhellen","description":"","publisher":{"@id":"https:\/\/lillapanzio.ro\/#organization"},"potentialAction":[{"@type":"SearchAction","target":{"@type":"EntryPoint","urlTemplate":"https:\/\/lillapanzio.ro\/?s={search_term_string}"},"query-input":{"@type":"PropertyValueSpecification","valueRequired":true,"valueName":"search_term_string"}}],"inLanguage":"de"},{"@type":"Organization","@id":"https:\/\/lillapanzio.ro\/#organization","name":"Lilla Pension - Odorhellen","url":"https:\/\/lillapanzio.ro\/","logo":{"@type":"ImageObject","inLanguage":"de","@id":"https:\/\/lillapanzio.ro\/#\/schema\/logo\/image\/","url":"https:\/\/lillapanzio.ro\/wp-content\/uploads\/2023\/04\/header-logo.png","contentUrl":"https:\/\/lillapanzio.ro\/wp-content\/uploads\/2023\/04\/header-logo.png","width":350,"height":207,"caption":"Lilla Panzi\u00f3 - Sz\u00e9kelyudvarhely"},"image":{"@id":"https:\/\/lillapanzio.ro\/#\/schema\/logo\/image\/"}}]}},"_links":{"self":[{"href":"https:\/\/lillapanzio.ro\/de\/wp-json\/wp\/v2\/product\/3779","targetHints":{"allow":["GET"]}}],"collection":[{"href":"https:\/\/lillapanzio.ro\/de\/wp-json\/wp\/v2\/product"}],"about":[{"href":"https:\/\/lillapanzio.ro\/de\/wp-json\/wp\/v2\/types\/product"}],"replies":[{"embeddable":true,"href":"https:\/\/lillapanzio.ro\/de\/wp-json\/wp\/v2\/comments?post=3779"}],"wp:featuredmedia":[{"embeddable":true,"href":"https:\/\/lillapanzio.ro\/de\/wp-json\/wp\/v2\/media\/3780"}],"wp:attachment":[{"href":"https:\/\/lillapanzio.ro\/de\/wp-json\/wp\/v2\/media?parent=3779"}],"wp:term":[{"taxonomy":"product_brand","embeddable":true,"href":"https:\/\/lillapanzio.ro\/de\/wp-json\/wp\/v2\/product_brand?post=3779"},{"taxonomy":"product_cat","embeddable":true,"href":"https:\/\/lillapanzio.ro\/de\/wp-json\/wp\/v2\/product_cat?post=3779"},{"taxonomy":"product_tag","embeddable":true,"href":"https:\/\/lillapanzio.ro\/de\/wp-json\/wp\/v2\/product_tag?post=3779"}],"curies":[{"name":"wp","href":"https:\/\/api.w.org\/{rel}","templated":true}]}}