{"id":3736,"date":"2026-03-04T14:01:18","date_gmt":"2026-03-04T12:01:18","guid":{"rendered":"https:\/\/lillapanzio.ro\/?post_type=product&#038;p=3736"},"modified":"2026-03-16T10:16:37","modified_gmt":"2026-03-16T08:16:37","slug":"argor-heraeus-goldbarren-2g","status":"publish","type":"product","link":"https:\/\/lillapanzio.ro\/de\/termek\/argor-heraeus-aranyrud-2g\/","title":{"rendered":"Argor Heraeus Goldbarren 2g"},"content":{"rendered":"<p data-start=\"91\" data-end=\"337\" class=\"translation-block\">Az <strong data-start=\"94\" data-end=\"130\">Argor Heraeus 2 grammos aranyr\u00fad<\/strong> befektet\u00e9si c\u00e9lra k\u00e9sz\u00fclt, <strong data-start=\"158\" data-end=\"201\">999.9\u2030 tisztas\u00e1g\u00fa (24 kar\u00e1tos) aranyb\u00f3l<\/strong>. A term\u00e9ket a vil\u00e1gszerte elismert sv\u00e1jci <strong data-start=\"244\" data-end=\"261\">Argor Heraeus<\/strong> finom\u00edt\u00f3 gy\u00e1rtja, amely a nemzetk\u00f6zi nemesf\u00e9m-piac egyik vezet\u0151 szerepl\u0151je.<\/p>\n<p data-start=\"339\" data-end=\"534\" class=\"translation-block\">Der Barren wurde im Pr\u00e4geverfahren hergestellt und weist daher eine glatte, pr\u00e4zise Oberfl\u00e4che und ein elegantes Erscheinungsbild auf. Das Herstellerlogo, die 2-g-Gewichtsangabe sowie der Feingehalt von 999,9 sind deutlich sichtbar.<\/p>\n<p data-start=\"536\" data-end=\"745\" class=\"translation-block\">Jeder Barren wird in einer Sicherheitsblisterverpackung geliefert, die gleichzeitig als Echtheitszertifikat dient. Auf der Verpackung befindet sich eine eindeutige Seriennummer, die die Echtheit des Goldbarrens garantiert.<\/p>\n<p data-start=\"747\" data-end=\"858\" class=\"translation-block\">Aufgrund seiner kompakten Gr\u00f6\u00dfe ist es eine ideale Wahl f\u00fcr Investitionen, als Geschenk oder zum schrittweisen Aufbau einer Goldreserve.<\/p>\n<h6>Hauptvorteile<\/h6>\n<ul>\n<li>24 Karat, 999,9\u2030 Feingold<\/li>\n<li class=\"translation-block\">Swiss Made \u2013 Argor Heraeus Raffinerie<\/li>\n<li>Zertifizierte Blisterverpackung<\/li>\n<li class=\"translation-block\">Jedes St\u00fcck besitzt eine individuelle Seriennummer.<\/li>\n<li>International anerkanntes und leicht marktf\u00e4higes Anlagegold<\/li>\n<\/ul>\n<h6>Empfohlene Verwendung<\/h6>\n<ul>\n<li>Investition in physisches Gold<\/li>\n<li>Diversifizierung des Finanzportfolios<\/li>\n<li>ein wertvolles Geschenk f\u00fcr besondere Anl\u00e4sse<\/li>\n<li>allm\u00e4hlicher Aufbau der Goldreserven<\/li>\n<\/ul>\n<h6 class=\"translation-block\">Warum sollte man sich f\u00fcr den 2-Gramm-Goldbarren von Argor Heraeus entscheiden?<\/h6>\n<p data-start=\"1345\" data-end=\"1572\" class=\"translation-block\">Argor Heraeus z\u00e4hlt zu den weltweit renommiertesten Edelmetallraffinerien und produziert Goldbarren in Anlagequalit\u00e4t nach strengen Qualit\u00e4ts- und Reinheitsstandards. Die Produkte der Marke sind international anerkannt und problemlos handelbar.<\/p>\n<p data-start=\"1574\" data-end=\"1716\" class=\"translation-block\">Die 2-Gramm-Gr\u00f6\u00dfe ist ideal f\u00fcr diejenigen, die in Gold in kleineren Schritten investieren m\u00f6chten oder eine flexiblere Anlageform suchen.<\/p>","protected":false},"excerpt":{"rendered":"<p>Lingou de aur Argor Heraeus 2 g aus reinem Kupfer 999,9\u2030 (24K), hergestellt in der Schweiz. Befindet sich im Blisterzertifikat, mit der Nummer der Einheit, ideal f\u00fcr die Investition oder mit einem Wertgutschein.<\/p>","protected":false},"featured_media":3737,"comment_status":"open","ping_status":"closed","template":"","meta":{"_acf_changed":false},"product_brand":[],"product_cat":[17],"product_tag":[],"class_list":{"0":"post-3736","1":"product","2":"type-product","3":"status-publish","4":"has-post-thumbnail","6":"product_cat-arany","8":"first","9":"instock","10":"shipping-taxable","11":"purchasable","12":"product-type-simple"},"acf":[],"yoast_head":"<!-- This site is optimized with the Yoast SEO plugin v27.1.1 - https:\/\/yoast.com\/product\/yoast-seo-wordpress\/ -->\n<title>Argor Heraeus aranyr\u00fad 2g - Lilla Panzi\u00f3 - Sz\u00e9kelyudvarhely<\/title>\n<meta name=\"description\" content=\"Argor Heraeus 2 g aranyr\u00fad 999.9\u2030 tisztas\u00e1g\u00fa (24K) aranyb\u00f3l, sv\u00e1jci gy\u00e1rt\u00e1sban. Hiteles\u00edtett blister csomagol\u00e1ssal \u00e9s egyedi sorsz\u00e1mmal, ide\u00e1lis befektet\u00e9sre vagy \u00e9rt\u00e9k\u00e1ll\u00f3 aj\u00e1nd\u00e9knak.\" \/>\n<meta name=\"robots\" content=\"index, follow, max-snippet:-1, max-image-preview:large, max-video-preview:-1\" \/>\n<link rel=\"canonical\" href=\"https:\/\/lillapanzio.ro\/de\/produkt\/argor-heraeus-goldbarren-2g\/\" \/>\n<meta property=\"og:locale\" content=\"de_DE\" \/>\n<meta property=\"og:type\" content=\"article\" \/>\n<meta property=\"og:title\" content=\"Argor Heraeus aranyr\u00fad 2g - Lilla Panzi\u00f3 - Sz\u00e9kelyudvarhely\" \/>\n<meta property=\"og:description\" content=\"Argor Heraeus 2 g aranyr\u00fad 999.9\u2030 tisztas\u00e1g\u00fa (24K) aranyb\u00f3l, sv\u00e1jci gy\u00e1rt\u00e1sban. Hiteles\u00edtett blister csomagol\u00e1ssal \u00e9s egyedi sorsz\u00e1mmal, ide\u00e1lis befektet\u00e9sre vagy \u00e9rt\u00e9k\u00e1ll\u00f3 aj\u00e1nd\u00e9knak.\" \/>\n<meta property=\"og:url\" content=\"https:\/\/lillapanzio.ro\/de\/produkt\/argor-heraeus-goldbarren-2g\/\" \/>\n<meta property=\"og:site_name\" content=\"Lilla Panzi\u00f3 - Sz\u00e9kelyudvarhely\" \/>\n<meta property=\"article:modified_time\" content=\"2026-03-16T08:16:37+00:00\" \/>\n<meta property=\"og:image\" content=\"https:\/\/lillapanzio.ro\/wp-content\/uploads\/2026\/03\/Lilla-Panzio-Lingou-aur-Argor-Heraeus-2g.png\" \/>\n\t<meta property=\"og:image:width\" content=\"1024\" \/>\n\t<meta property=\"og:image:height\" content=\"1024\" \/>\n\t<meta property=\"og:image:type\" content=\"image\/png\" \/>\n<meta name=\"twitter:card\" content=\"summary_large_image\" \/>\n<meta name=\"twitter:label1\" content=\"Gesch\u00e4tzte Lesezeit\" \/>\n\t<meta name=\"twitter:data1\" content=\"2\u00a0Minuten\" \/>\n<script type=\"application\/ld+json\" class=\"yoast-schema-graph\">{\"@context\":\"https:\/\/schema.org\",\"@graph\":[{\"@type\":\"WebPage\",\"@id\":\"https:\/\/lillapanzio.ro\/termek\/argor-heraeus-aranyrud-2g\/\",\"url\":\"https:\/\/lillapanzio.ro\/termek\/argor-heraeus-aranyrud-2g\/\",\"name\":\"Argor Heraeus aranyr\u00fad 2g - Lilla Panzi\u00f3 - Sz\u00e9kelyudvarhely\",\"isPartOf\":{\"@id\":\"https:\/\/lillapanzio.ro\/#website\"},\"primaryImageOfPage\":{\"@id\":\"https:\/\/lillapanzio.ro\/termek\/argor-heraeus-aranyrud-2g\/#primaryimage\"},\"image\":{\"@id\":\"https:\/\/lillapanzio.ro\/termek\/argor-heraeus-aranyrud-2g\/#primaryimage\"},\"thumbnailUrl\":\"https:\/\/lillapanzio.ro\/wp-content\/uploads\/2026\/03\/Lilla-Panzio-Lingou-aur-Argor-Heraeus-2g.png\",\"datePublished\":\"2026-03-04T12:01:18+00:00\",\"dateModified\":\"2026-03-16T08:16:37+00:00\",\"description\":\"Argor Heraeus 2 g aranyr\u00fad 999.9\u2030 tisztas\u00e1g\u00fa (24K) aranyb\u00f3l, sv\u00e1jci gy\u00e1rt\u00e1sban. Hiteles\u00edtett blister csomagol\u00e1ssal \u00e9s egyedi sorsz\u00e1mmal, ide\u00e1lis befektet\u00e9sre vagy \u00e9rt\u00e9k\u00e1ll\u00f3 aj\u00e1nd\u00e9knak.\",\"breadcrumb\":{\"@id\":\"https:\/\/lillapanzio.ro\/termek\/argor-heraeus-aranyrud-2g\/#breadcrumb\"},\"inLanguage\":\"de\",\"potentialAction\":[{\"@type\":\"ReadAction\",\"target\":[\"https:\/\/lillapanzio.ro\/termek\/argor-heraeus-aranyrud-2g\/\"]}]},{\"@type\":\"ImageObject\",\"inLanguage\":\"de\",\"@id\":\"https:\/\/lillapanzio.ro\/termek\/argor-heraeus-aranyrud-2g\/#primaryimage\",\"url\":\"https:\/\/lillapanzio.ro\/wp-content\/uploads\/2026\/03\/Lilla-Panzio-Lingou-aur-Argor-Heraeus-2g.png\",\"contentUrl\":\"https:\/\/lillapanzio.ro\/wp-content\/uploads\/2026\/03\/Lilla-Panzio-Lingou-aur-Argor-Heraeus-2g.png\",\"width\":1024,\"height\":1024,\"caption\":\"Lilla Panzio - Lingou aur Argor Heraeus 2g\"},{\"@type\":\"BreadcrumbList\",\"@id\":\"https:\/\/lillapanzio.ro\/termek\/argor-heraeus-aranyrud-2g\/#breadcrumb\",\"itemListElement\":[{\"@type\":\"ListItem\",\"position\":1,\"name\":\"Kezd\u0151lap\",\"item\":\"https:\/\/lillapanzio.ro\/\"},{\"@type\":\"ListItem\",\"position\":2,\"name\":\"Term\u00e9kek\",\"item\":\"https:\/\/lillapanzio.ro\/uzlet\/\"},{\"@type\":\"ListItem\",\"position\":3,\"name\":\"Argor Heraeus aranyr\u00fad 2g\"}]},{\"@type\":\"WebSite\",\"@id\":\"https:\/\/lillapanzio.ro\/#website\",\"url\":\"https:\/\/lillapanzio.ro\/\",\"name\":\"Lilla Panzi\u00f3 - Sz\u00e9kelyudvarhely\",\"description\":\"\",\"publisher\":{\"@id\":\"https:\/\/lillapanzio.ro\/#organization\"},\"potentialAction\":[{\"@type\":\"SearchAction\",\"target\":{\"@type\":\"EntryPoint\",\"urlTemplate\":\"https:\/\/lillapanzio.ro\/?s={search_term_string}\"},\"query-input\":{\"@type\":\"PropertyValueSpecification\",\"valueRequired\":true,\"valueName\":\"search_term_string\"}}],\"inLanguage\":\"de\"},{\"@type\":\"Organization\",\"@id\":\"https:\/\/lillapanzio.ro\/#organization\",\"name\":\"Lilla Panzi\u00f3 - Sz\u00e9kelyudvarhely\",\"url\":\"https:\/\/lillapanzio.ro\/\",\"logo\":{\"@type\":\"ImageObject\",\"inLanguage\":\"de\",\"@id\":\"https:\/\/lillapanzio.ro\/#\/schema\/logo\/image\/\",\"url\":\"https:\/\/lillapanzio.ro\/wp-content\/uploads\/2023\/04\/header-logo.png\",\"contentUrl\":\"https:\/\/lillapanzio.ro\/wp-content\/uploads\/2023\/04\/header-logo.png\",\"width\":350,\"height\":207,\"caption\":\"Lilla Panzi\u00f3 - Sz\u00e9kelyudvarhely\"},\"image\":{\"@id\":\"https:\/\/lillapanzio.ro\/#\/schema\/logo\/image\/\"}}]}<\/script>\n<!-- \/ Yoast SEO plugin. -->","yoast_head_json":{"title":"Argor Heraeus Goldbarren 2g - Lilla Panzi\u00f3 - Sz\u00e9kelyudvarhely","description":"Lingou de aur Argor Heraeus 2 g aus reinem Kupfer 999,9\u2030 (24K), hergestellt in der Schweiz. Befindet sich im Blisterzertifikat, mit der Nummer der Einheit, ideal f\u00fcr die Investition oder mit einem Wertgutschein.","robots":{"index":"index","follow":"follow","max-snippet":"max-snippet:-1","max-image-preview":"max-image-preview:large","max-video-preview":"max-video-preview:-1"},"canonical":"https:\/\/lillapanzio.ro\/de\/produkt\/argor-heraeus-goldbarren-2g\/","og_locale":"de_DE","og_type":"article","og_title":"Argor Heraeus aranyr\u00fad 2g - Lilla Panzi\u00f3 - Sz\u00e9kelyudvarhely","og_description":"Argor Heraeus 2 g aranyr\u00fad 999.9\u2030 tisztas\u00e1g\u00fa (24K) aranyb\u00f3l, sv\u00e1jci gy\u00e1rt\u00e1sban. Hiteles\u00edtett blister csomagol\u00e1ssal \u00e9s egyedi sorsz\u00e1mmal, ide\u00e1lis befektet\u00e9sre vagy \u00e9rt\u00e9k\u00e1ll\u00f3 aj\u00e1nd\u00e9knak.","og_url":"https:\/\/lillapanzio.ro\/de\/produkt\/argor-heraeus-goldbarren-2g\/","og_site_name":"Lilla Panzi\u00f3 - Sz\u00e9kelyudvarhely","article_modified_time":"2026-03-16T08:16:37+00:00","og_image":[{"width":1024,"height":1024,"url":"https:\/\/lillapanzio.ro\/wp-content\/uploads\/2026\/03\/Lilla-Panzio-Lingou-aur-Argor-Heraeus-2g.png","type":"image\/png"}],"twitter_card":"summary_large_image","twitter_misc":{"Gesch\u00e4tzte Lesezeit":"2\u00a0Minuten"},"schema":{"@context":"https:\/\/schema.org","@graph":[{"@type":"WebPage","@id":"https:\/\/lillapanzio.ro\/termek\/argor-heraeus-aranyrud-2g\/","url":"https:\/\/lillapanzio.ro\/termek\/argor-heraeus-aranyrud-2g\/","name":"Argor Heraeus Goldbarren 2g - Lilla Panzi\u00f3 - Sz\u00e9kelyudvarhely","isPartOf":{"@id":"https:\/\/lillapanzio.ro\/#website"},"primaryImageOfPage":{"@id":"https:\/\/lillapanzio.ro\/termek\/argor-heraeus-aranyrud-2g\/#primaryimage"},"image":{"@id":"https:\/\/lillapanzio.ro\/termek\/argor-heraeus-aranyrud-2g\/#primaryimage"},"thumbnailUrl":"https:\/\/lillapanzio.ro\/wp-content\/uploads\/2026\/03\/Lilla-Panzio-Lingou-aur-Argor-Heraeus-2g.png","datePublished":"2026-03-04T12:01:18+00:00","dateModified":"2026-03-16T08:16:37+00:00","description":"Lingou de aur Argor Heraeus 2 g aus reinem Kupfer 999,9\u2030 (24K), hergestellt in der Schweiz. Befindet sich im Blisterzertifikat, mit der Nummer der Einheit, ideal f\u00fcr die Investition oder mit einem Wertgutschein.","breadcrumb":{"@id":"https:\/\/lillapanzio.ro\/termek\/argor-heraeus-aranyrud-2g\/#breadcrumb"},"inLanguage":"de","potentialAction":[{"@type":"ReadAction","target":["https:\/\/lillapanzio.ro\/termek\/argor-heraeus-aranyrud-2g\/"]}]},{"@type":"ImageObject","inLanguage":"de","@id":"https:\/\/lillapanzio.ro\/termek\/argor-heraeus-aranyrud-2g\/#primaryimage","url":"https:\/\/lillapanzio.ro\/wp-content\/uploads\/2026\/03\/Lilla-Panzio-Lingou-aur-Argor-Heraeus-2g.png","contentUrl":"https:\/\/lillapanzio.ro\/wp-content\/uploads\/2026\/03\/Lilla-Panzio-Lingou-aur-Argor-Heraeus-2g.png","width":1024,"height":1024,"caption":"Lilla Panzio - Lingou aur Argor Heraeus 2g"},{"@type":"BreadcrumbList","@id":"https:\/\/lillapanzio.ro\/termek\/argor-heraeus-aranyrud-2g\/#breadcrumb","itemListElement":[{"@type":"ListItem","position":1,"name":"Kezd\u0151lap","item":"https:\/\/lillapanzio.ro\/"},{"@type":"ListItem","position":2,"name":"Term\u00e9kek","item":"https:\/\/lillapanzio.ro\/uzlet\/"},{"@type":"ListItem","position":3,"name":"Argor Heraeus aranyr\u00fad 2g"}]},{"@type":"WebSite","@id":"https:\/\/lillapanzio.ro\/#website","url":"https:\/\/lillapanzio.ro\/","name":"Lilla Pension - Odorhellen","description":"","publisher":{"@id":"https:\/\/lillapanzio.ro\/#organization"},"potentialAction":[{"@type":"SearchAction","target":{"@type":"EntryPoint","urlTemplate":"https:\/\/lillapanzio.ro\/?s={search_term_string}"},"query-input":{"@type":"PropertyValueSpecification","valueRequired":true,"valueName":"search_term_string"}}],"inLanguage":"de"},{"@type":"Organization","@id":"https:\/\/lillapanzio.ro\/#organization","name":"Lilla Pension - Odorhellen","url":"https:\/\/lillapanzio.ro\/","logo":{"@type":"ImageObject","inLanguage":"de","@id":"https:\/\/lillapanzio.ro\/#\/schema\/logo\/image\/","url":"https:\/\/lillapanzio.ro\/wp-content\/uploads\/2023\/04\/header-logo.png","contentUrl":"https:\/\/lillapanzio.ro\/wp-content\/uploads\/2023\/04\/header-logo.png","width":350,"height":207,"caption":"Lilla Panzi\u00f3 - Sz\u00e9kelyudvarhely"},"image":{"@id":"https:\/\/lillapanzio.ro\/#\/schema\/logo\/image\/"}}]}},"_links":{"self":[{"href":"https:\/\/lillapanzio.ro\/de\/wp-json\/wp\/v2\/product\/3736","targetHints":{"allow":["GET"]}}],"collection":[{"href":"https:\/\/lillapanzio.ro\/de\/wp-json\/wp\/v2\/product"}],"about":[{"href":"https:\/\/lillapanzio.ro\/de\/wp-json\/wp\/v2\/types\/product"}],"replies":[{"embeddable":true,"href":"https:\/\/lillapanzio.ro\/de\/wp-json\/wp\/v2\/comments?post=3736"}],"wp:featuredmedia":[{"embeddable":true,"href":"https:\/\/lillapanzio.ro\/de\/wp-json\/wp\/v2\/media\/3737"}],"wp:attachment":[{"href":"https:\/\/lillapanzio.ro\/de\/wp-json\/wp\/v2\/media?parent=3736"}],"wp:term":[{"taxonomy":"product_brand","embeddable":true,"href":"https:\/\/lillapanzio.ro\/de\/wp-json\/wp\/v2\/product_brand?post=3736"},{"taxonomy":"product_cat","embeddable":true,"href":"https:\/\/lillapanzio.ro\/de\/wp-json\/wp\/v2\/product_cat?post=3736"},{"taxonomy":"product_tag","embeddable":true,"href":"https:\/\/lillapanzio.ro\/de\/wp-json\/wp\/v2\/product_tag?post=3736"}],"curies":[{"name":"wp","href":"https:\/\/api.w.org\/{rel}","templated":true}]}}