{"id":9,"date":"2023-04-25T10:13:57","date_gmt":"2023-04-25T08:13:57","guid":{"rendered":"https:\/\/lillapanzio.ro\/?page_id=9"},"modified":"2023-07-18T15:27:18","modified_gmt":"2023-07-18T13:27:18","slug":"startseite","status":"publish","type":"page","link":"https:\/\/lillapanzio.ro\/de\/","title":{"rendered":"Startseite"},"content":{"rendered":"","protected":false},"excerpt":{"rendered":"","protected":false},"author":1,"featured_media":0,"parent":0,"menu_order":0,"comment_status":"closed","ping_status":"closed","template":"","meta":{"_acf_changed":false,"footnotes":""},"class_list":["post-9","page","type-page","status-publish","hentry"],"acf":[],"yoast_head":"<!-- This site is optimized with the Yoast SEO plugin v27.1.1 - https:\/\/yoast.com\/product\/yoast-seo-wordpress\/ -->\n<title>F\u0151oldal - Lilla Panzi\u00f3 - Sz\u00e9kelyudvarhely<\/title>\n<meta name=\"description\" content=\"Sz\u00e1ll\u00e1s Sz\u00e9kelyudvarhely belv\u00e1ros\u00e1ban? N\u00e1lunk lehets\u00e9ges. Ak\u00e1r panzi\u00f3ban, ak\u00e1r apartmanban, elv\u00e1r\u00e1sainak megfelel\u0151en 3 csillagos lakoszt\u00e1lyokat biztos\u00edtva.\" \/>\n<meta name=\"robots\" content=\"index, follow, max-snippet:-1, max-image-preview:large, max-video-preview:-1\" \/>\n<link rel=\"canonical\" href=\"https:\/\/lillapanzio.ro\/de\/\" \/>\n<meta property=\"og:locale\" content=\"de_DE\" \/>\n<meta property=\"og:type\" content=\"article\" \/>\n<meta property=\"og:title\" content=\"F\u0151oldal - Lilla Panzi\u00f3 - Sz\u00e9kelyudvarhely\" \/>\n<meta property=\"og:description\" content=\"Sz\u00e1ll\u00e1s Sz\u00e9kelyudvarhely belv\u00e1ros\u00e1ban? N\u00e1lunk lehets\u00e9ges. Ak\u00e1r panzi\u00f3ban, ak\u00e1r apartmanban, elv\u00e1r\u00e1sainak megfelel\u0151en 3 csillagos lakoszt\u00e1lyokat biztos\u00edtva.\" \/>\n<meta property=\"og:url\" content=\"https:\/\/lillapanzio.ro\/de\/\" \/>\n<meta property=\"og:site_name\" content=\"Lilla Panzi\u00f3 - Sz\u00e9kelyudvarhely\" \/>\n<meta property=\"article:modified_time\" content=\"2023-07-18T13:27:18+00:00\" \/>\n<meta property=\"og:image\" content=\"https:\/\/lillapanzio.ro\/wp-content\/uploads\/2023\/05\/Lilla-Panzio-Panzio-Galeria-16.jpg\" \/>\n\t<meta property=\"og:image:width\" content=\"1200\" \/>\n\t<meta property=\"og:image:height\" content=\"800\" \/>\n\t<meta property=\"og:image:type\" content=\"image\/jpeg\" \/>\n<meta name=\"twitter:card\" content=\"summary_large_image\" \/>\n<script type=\"application\/ld+json\" class=\"yoast-schema-graph\">{\"@context\":\"https:\/\/schema.org\",\"@graph\":[{\"@type\":\"WebPage\",\"@id\":\"https:\/\/lillapanzio.ro\/\",\"url\":\"https:\/\/lillapanzio.ro\/\",\"name\":\"F\u0151oldal - Lilla Panzi\u00f3 - Sz\u00e9kelyudvarhely\",\"isPartOf\":{\"@id\":\"https:\/\/lillapanzio.ro\/#website\"},\"datePublished\":\"2023-04-25T08:13:57+00:00\",\"dateModified\":\"2023-07-18T13:27:18+00:00\",\"description\":\"Sz\u00e1ll\u00e1s Sz\u00e9kelyudvarhely belv\u00e1ros\u00e1ban? N\u00e1lunk lehets\u00e9ges. Ak\u00e1r panzi\u00f3ban, ak\u00e1r apartmanban, elv\u00e1r\u00e1sainak megfelel\u0151en 3 csillagos lakoszt\u00e1lyokat biztos\u00edtva.\",\"breadcrumb\":{\"@id\":\"https:\/\/lillapanzio.ro\/#breadcrumb\"},\"inLanguage\":\"de\",\"potentialAction\":[{\"@type\":\"ReadAction\",\"target\":[\"https:\/\/lillapanzio.ro\/\"]}]},{\"@type\":\"BreadcrumbList\",\"@id\":\"https:\/\/lillapanzio.ro\/#breadcrumb\",\"itemListElement\":[{\"@type\":\"ListItem\",\"position\":1,\"name\":\"Kezd\u0151lap\",\"item\":\"https:\/\/lillapanzio.ro\/\"},{\"@type\":\"ListItem\",\"position\":2,\"name\":\"F\u0151oldal\"}]},{\"@type\":\"WebSite\",\"@id\":\"https:\/\/lillapanzio.ro\/#website\",\"url\":\"https:\/\/lillapanzio.ro\/\",\"name\":\"Lilla Panzi\u00f3 - Sz\u00e9kelyudvarhely\",\"description\":\"\",\"publisher\":{\"@id\":\"https:\/\/lillapanzio.ro\/#organization\"},\"potentialAction\":[{\"@type\":\"SearchAction\",\"target\":{\"@type\":\"EntryPoint\",\"urlTemplate\":\"https:\/\/lillapanzio.ro\/?s={search_term_string}\"},\"query-input\":{\"@type\":\"PropertyValueSpecification\",\"valueRequired\":true,\"valueName\":\"search_term_string\"}}],\"inLanguage\":\"de\"},{\"@type\":\"Organization\",\"@id\":\"https:\/\/lillapanzio.ro\/#organization\",\"name\":\"Lilla Panzi\u00f3 - Sz\u00e9kelyudvarhely\",\"url\":\"https:\/\/lillapanzio.ro\/\",\"logo\":{\"@type\":\"ImageObject\",\"inLanguage\":\"de\",\"@id\":\"https:\/\/lillapanzio.ro\/#\/schema\/logo\/image\/\",\"url\":\"https:\/\/lillapanzio.ro\/wp-content\/uploads\/2023\/04\/header-logo.png\",\"contentUrl\":\"https:\/\/lillapanzio.ro\/wp-content\/uploads\/2023\/04\/header-logo.png\",\"width\":350,\"height\":207,\"caption\":\"Lilla Panzi\u00f3 - Sz\u00e9kelyudvarhely\"},\"image\":{\"@id\":\"https:\/\/lillapanzio.ro\/#\/schema\/logo\/image\/\"}}]}<\/script>\n<!-- \/ Yoast SEO plugin. -->","yoast_head_json":{"title":"Startseite - Lilla Pension - Odorhellen","description":"Accomodation in the centre of Sz\u00e9kelyudvarhely? It is possible at us! Either in pension, or in apartments. If staying in the heart of the town is important to you then we are your perfect choice!","robots":{"index":"index","follow":"follow","max-snippet":"max-snippet:-1","max-image-preview":"max-image-preview:large","max-video-preview":"max-video-preview:-1"},"canonical":"https:\/\/lillapanzio.ro\/de\/","og_locale":"de_DE","og_type":"article","og_title":"F\u0151oldal - Lilla Panzi\u00f3 - Sz\u00e9kelyudvarhely","og_description":"Sz\u00e1ll\u00e1s Sz\u00e9kelyudvarhely belv\u00e1ros\u00e1ban? N\u00e1lunk lehets\u00e9ges. Ak\u00e1r panzi\u00f3ban, ak\u00e1r apartmanban, elv\u00e1r\u00e1sainak megfelel\u0151en 3 csillagos lakoszt\u00e1lyokat biztos\u00edtva.","og_url":"https:\/\/lillapanzio.ro\/de\/","og_site_name":"Lilla Panzi\u00f3 - Sz\u00e9kelyudvarhely","article_modified_time":"2023-07-18T13:27:18+00:00","og_image":[{"width":1200,"height":800,"url":"https:\/\/lillapanzio.ro\/wp-content\/uploads\/2023\/05\/Lilla-Panzio-Panzio-Galeria-16.jpg","type":"image\/jpeg"}],"twitter_card":"summary_large_image","schema":{"@context":"https:\/\/schema.org","@graph":[{"@type":"WebPage","@id":"https:\/\/lillapanzio.ro\/","url":"https:\/\/lillapanzio.ro\/","name":"Startseite - Lilla Pension - Odorhellen","isPartOf":{"@id":"https:\/\/lillapanzio.ro\/#website"},"datePublished":"2023-04-25T08:13:57+00:00","dateModified":"2023-07-18T13:27:18+00:00","description":"Accomodation in the centre of Sz\u00e9kelyudvarhely? It is possible at us! Either in pension, or in apartments. If staying in the heart of the town is important to you then we are your perfect choice!","breadcrumb":{"@id":"https:\/\/lillapanzio.ro\/#breadcrumb"},"inLanguage":"de","potentialAction":[{"@type":"ReadAction","target":["https:\/\/lillapanzio.ro\/"]}]},{"@type":"BreadcrumbList","@id":"https:\/\/lillapanzio.ro\/#breadcrumb","itemListElement":[{"@type":"ListItem","position":1,"name":"Kezd\u0151lap","item":"https:\/\/lillapanzio.ro\/"},{"@type":"ListItem","position":2,"name":"F\u0151oldal"}]},{"@type":"WebSite","@id":"https:\/\/lillapanzio.ro\/#website","url":"https:\/\/lillapanzio.ro\/","name":"Lilla Pension - Odorhellen","description":"","publisher":{"@id":"https:\/\/lillapanzio.ro\/#organization"},"potentialAction":[{"@type":"SearchAction","target":{"@type":"EntryPoint","urlTemplate":"https:\/\/lillapanzio.ro\/?s={search_term_string}"},"query-input":{"@type":"PropertyValueSpecification","valueRequired":true,"valueName":"search_term_string"}}],"inLanguage":"de"},{"@type":"Organization","@id":"https:\/\/lillapanzio.ro\/#organization","name":"Lilla Pension - Odorhellen","url":"https:\/\/lillapanzio.ro\/","logo":{"@type":"ImageObject","inLanguage":"de","@id":"https:\/\/lillapanzio.ro\/#\/schema\/logo\/image\/","url":"https:\/\/lillapanzio.ro\/wp-content\/uploads\/2023\/04\/header-logo.png","contentUrl":"https:\/\/lillapanzio.ro\/wp-content\/uploads\/2023\/04\/header-logo.png","width":350,"height":207,"caption":"Lilla Panzi\u00f3 - Sz\u00e9kelyudvarhely"},"image":{"@id":"https:\/\/lillapanzio.ro\/#\/schema\/logo\/image\/"}}]}},"_links":{"self":[{"href":"https:\/\/lillapanzio.ro\/de\/wp-json\/wp\/v2\/pages\/9","targetHints":{"allow":["GET"]}}],"collection":[{"href":"https:\/\/lillapanzio.ro\/de\/wp-json\/wp\/v2\/pages"}],"about":[{"href":"https:\/\/lillapanzio.ro\/de\/wp-json\/wp\/v2\/types\/page"}],"author":[{"embeddable":true,"href":"https:\/\/lillapanzio.ro\/de\/wp-json\/wp\/v2\/users\/1"}],"replies":[{"embeddable":true,"href":"https:\/\/lillapanzio.ro\/de\/wp-json\/wp\/v2\/comments?post=9"}],"version-history":[{"count":1,"href":"https:\/\/lillapanzio.ro\/de\/wp-json\/wp\/v2\/pages\/9\/revisions"}],"predecessor-version":[{"id":10,"href":"https:\/\/lillapanzio.ro\/de\/wp-json\/wp\/v2\/pages\/9\/revisions\/10"}],"wp:attachment":[{"href":"https:\/\/lillapanzio.ro\/de\/wp-json\/wp\/v2\/media?parent=9"}],"curies":[{"name":"wp","href":"https:\/\/api.w.org\/{rel}","templated":true}]}}