{"id":43,"date":"2023-05-09T13:29:17","date_gmt":"2023-05-09T11:29:17","guid":{"rendered":"https:\/\/lillapanzio.ro\/?page_id=43"},"modified":"2026-04-14T10:43:42","modified_gmt":"2026-04-14T07:43:42","slug":"geldwechsel","status":"publish","type":"page","link":"https:\/\/lillapanzio.ro\/de\/valutavalto\/","title":{"rendered":"Geldwechsel"},"content":{"rendered":"<p><!--more--><\/p>\n<table class=\"tg\" style=\"border-collapse: collapse; border-spacing: 0px; table-layout: fixed; width: 100%; height: 100%;\">\n<colgroup>\n<col style=\"width: 35%;\" \/>\n<col style=\"width: 30%;\" \/> <\/colgroup>\n<colgroup>\n<col style=\"width: 35%;\" \/><\/colgroup>\n<thead>\n<tr>\n<th style=\"background-color: #9b6f48; color: #ffffff; font-family: Arial, sans-serif; font-size: 14px; font-weight: normal; overflow: hidden; padding: 10px 5px; text-align: center; vertical-align: middle; word-break: normal; border: 1px solid inherit;\"><span style=\"color: #333333; font-family: Georgia, Times New Roman, Bitstream Charter, Times, serif;\"><span style=\"font-size: 16px;\">W\u00c4HRUNG<\/span><\/span><\/th>\n<th style=\"background-color: #9b6f48; color: #ffffff; font-family: Arial, sans-serif; font-size: 14px; font-weight: normal; overflow: hidden; padding: 10px 5px; text-align: center; vertical-align: middle; word-break: normal; border: 1px solid inherit;\"><span style=\"color: #333333; font-family: Georgia, Times New Roman, Bitstream Charter, Times, serif;\"><span style=\"font-size: 16px;\">EMPFANG<\/span><\/span><\/th>\n<th style=\"background-color: #9b6f48; color: #ffffff; font-family: Arial, sans-serif; font-size: 14px; font-weight: normal; overflow: hidden; padding: 10px 5px; text-align: center; vertical-align: middle; word-break: normal; border: 1px solid inherit;\"><span style=\"color: #333333; font-family: Georgia, Times New Roman, Bitstream Charter, Times, serif;\"><span style=\"font-size: 16px;\">VERKAUF<\/span><\/span><\/th>\n<\/tr>\n<\/thead>\n<tbody>\n<tr>\n<td style=\"background-color: #d4c1b0; font-family: Arial, sans-serif; font-size: 14px; overflow: hidden; padding: 10px 5px; text-align: left; vertical-align: middle; word-break: normal; border: 1px solid inherit;\"><span style=\"font-family: Georgia, Times New Roman, Bitstream Charter, Times, serif;\"><span style=\"font-size: 16px;\"><img decoding=\"async\" src=\"https:\/\/lillapanzio.ro\/wp-content\/uploads\/2023\/05\/Flag_of_Europe.png\" alt=\"Image\" width=\"25\" height=\"25\" \/>\u00a0EUR<\/span><\/span><\/td>\n<td style=\"background-color: #d4c1b0; font-family: Arial, sans-serif; font-size: 14px; overflow: hidden; padding: 10px 5px; text-align: center; vertical-align: middle; word-break: normal; border: 1px solid inherit;\"><span style=\"font-family: Georgia, Times New Roman, Bitstream Charter, Times, serif;\"><span style=\"font-size: 16px;\">5,065<\/span><\/span><\/td>\n<td style=\"background-color: #d4c1b0; font-family: Arial, sans-serif; font-size: 14px; overflow: hidden; padding: 10px 5px; text-align: center; vertical-align: middle; word-break: normal; border: 1px solid inherit;\"><span style=\"font-family: Georgia, Times New Roman, Bitstream Charter, Times, serif;\"><span style=\"font-size: 16px;\">5.088<\/span><\/span><\/td>\n<\/tr>\n<tr>\n<td style=\"background-color: #eeeeee; font-family: Arial, sans-serif; font-size: 14px; overflow: hidden; padding: 10px 5px; text-align: left; vertical-align: middle; word-break: normal; border: 1px solid inherit;\"><span style=\"font-family: Georgia, Times New Roman, Bitstream Charter, Times, serif;\"><span style=\"font-size: 16px;\"><img decoding=\"async\" src=\"https:\/\/lillapanzio.ro\/wp-content\/uploads\/2023\/05\/American-Flag-Logo-PNG-Picture.png\" alt=\"Image\" width=\"25\" height=\"25\" \/>\u00a0USD<\/span><\/span><\/td>\n<td style=\"background-color: #eeeeee; font-family: Arial, sans-serif; font-size: 14px; overflow: hidden; padding: 10px 5px; text-align: center; vertical-align: middle; word-break: normal; border: 1px solid inherit;\"><span style=\"font-family: Georgia, Times New Roman, Bitstream Charter, Times, serif;\"><span style=\"font-size: 16px;\">4.3200<\/span><\/span><\/td>\n<td style=\"background-color: #eeeeee; font-family: Arial, sans-serif; font-size: 14px; overflow: hidden; padding: 10px 5px; text-align: center; vertical-align: middle; word-break: normal; border: 1px solid inherit;\"><span style=\"font-family: Georgia, Times New Roman, Bitstream Charter, Times, serif;\"><span style=\"font-size: 16px;\">4.3900<\/span><\/span><\/td>\n<\/tr>\n<tr>\n<td style=\"background-color: #eeeeee; font-family: Arial, sans-serif; font-size: 14px; overflow: hidden; padding: 10px 5px; text-align: left; vertical-align: middle; word-break: normal; border: 1px solid inherit;\"><span style=\"font-family: Georgia, Times New Roman, Bitstream Charter, Times, serif;\"><span style=\"font-size: 16px;\"><img decoding=\"async\" src=\"https:\/\/lillapanzio.ro\/wp-content\/uploads\/2023\/05\/GBP-Flag.png\" alt=\"Image\" width=\"25\" height=\"25\" \/>\u00a0GBP<\/span><\/span><\/td>\n<td style=\"background-color: #eeeeee; font-family: Arial, sans-serif; font-size: 14px; overflow: hidden; padding: 10px 5px; text-align: center; vertical-align: middle; word-break: normal; border: 1px solid inherit;\"><span style=\"font-family: Georgia, Times New Roman, Bitstream Charter, Times, serif;\"><span style=\"font-size: 16px;\">5.7600<\/span><\/span><\/td>\n<td style=\"background-color: #eeeeee; font-family: Arial, sans-serif; font-size: 14px; overflow: hidden; padding: 10px 5px; text-align: center; vertical-align: middle; word-break: normal; border: 1px solid inherit;\"><span style=\"font-family: Georgia, Times New Roman, Bitstream Charter, Times, serif;\"><span style=\"font-size: 16px;\">5.8100<\/span><\/span><\/td>\n<\/tr>\n<tr>\n<td style=\"background-color: #d4c1b0; font-family: Arial, sans-serif; font-size: 14px; overflow: hidden; padding: 10px 5px; text-align: left; vertical-align: middle; word-break: normal; border: 1px solid inherit;\"><span style=\"font-family: Georgia, Times New Roman, Bitstream Charter, Times, serif;\"><span style=\"font-size: 16px;\"><img decoding=\"async\" src=\"https:\/\/lillapanzio.ro\/wp-content\/uploads\/2023\/05\/Flag_of_Switzerland.png\" alt=\"Image\" width=\"25\" height=\"25\" \/>\u00a0CHF<\/span><\/span><\/td>\n<td style=\"background-color: #d4c1b0; font-family: Arial, sans-serif; font-size: 14px; overflow: hidden; padding: 10px 5px; text-align: center; vertical-align: middle; word-break: normal; border: 1px solid inherit;\"><span style=\"font-family: Georgia, Times New Roman, Bitstream Charter, Times, serif;\"><span style=\"font-size: 16px;\">5,4500<\/span><\/span><\/td>\n<td style=\"background-color: #d4c1b0; font-family: Arial, sans-serif; font-size: 14px; overflow: hidden; padding: 10px 5px; text-align: center; vertical-align: middle; word-break: normal; border: 1px solid inherit;\"><span style=\"font-family: Georgia, Times New Roman, Bitstream Charter, Times, serif;\"><span style=\"font-size: 16px;\">5.4700<\/span><\/span><\/td>\n<\/tr>\n<tr>\n<td style=\"background-color: #eeeeee; font-family: Arial, sans-serif; font-size: 14px; overflow: hidden; padding: 10px 5px; text-align: left; vertical-align: middle; word-break: normal; border: 1px solid inherit;\"><span style=\"font-family: Georgia, Times New Roman, Bitstream Charter, Times, serif;\"><span style=\"font-size: 16px;\"><img decoding=\"async\" src=\"https:\/\/lillapanzio.ro\/wp-content\/uploads\/2023\/05\/hu-lgflag.png\" alt=\"Image\" width=\"25\" height=\"25\" \/>\u00a0HUF<\/span><\/span><\/td>\n<td style=\"background-color: #eeeeee; font-family: Arial, sans-serif; font-size: 14px; overflow: hidden; padding: 10px 5px; text-align: center; vertical-align: middle; word-break: normal; border: 1px solid inherit;\"><span style=\"font-family: Georgia, Times New Roman, Bitstream Charter, Times, serif;\"><span style=\"font-size: 16px;\">0.0135<\/span><\/span><\/td>\n<td style=\"background-color: #eeeeee; font-family: Arial, sans-serif; font-size: 14px; overflow: hidden; padding: 10px 5px; text-align: center; vertical-align: middle; word-break: normal; border: 1px solid inherit;\"><span style=\"font-family: Georgia, Times New Roman, Bitstream Charter, Times, serif;\"><span style=\"font-size: 16px;\">0.0138<\/span><\/span><\/td>\n<\/tr>\n<tr>\n<td style=\"background-color: #d4c1b0; font-family: Arial, sans-serif; font-size: 14px; overflow: hidden; padding: 10px 5px; text-align: left; vertical-align: middle; word-break: normal; border: 1px solid inherit;\"><span style=\"font-family: Georgia, Times New Roman, Bitstream Charter, Times, serif;\"><span style=\"font-size: 16px;\"><img decoding=\"async\" src=\"https:\/\/lillapanzio.ro\/wp-content\/uploads\/2023\/05\/Flag_of_Europe.png\" alt=\"Image\" width=\"25\" height=\"25\" \/> EUR \/\u00a0 <img decoding=\"async\" src=\"https:\/\/lillapanzio.ro\/wp-content\/uploads\/2023\/05\/hu-lgflag.png\" alt=\"Image\" width=\"25\" height=\"25\" \/> HUF<\/span><\/span><\/td>\n<td style=\"background-color: #d4c1b0; font-family: Arial, sans-serif; font-size: 14px; overflow: hidden; padding: 10px 5px; text-align: center; vertical-align: middle; word-break: normal; border: 1px solid inherit;\"><span style=\"font-family: Georgia, Times New Roman, Bitstream Charter, Times, serif;\"><span style=\"font-size: 16px;\">367.03<\/span><\/span><\/td>\n<td style=\"background-color: #d4c1b0; font-family: Arial, sans-serif; font-size: 14px; overflow: hidden; padding: 10px 5px; text-align: center; vertical-align: middle; word-break: normal; border: 1px solid inherit;\"><span style=\"font-family: Georgia, Times New Roman, Bitstream Charter, Times, serif;\"><span style=\"font-size: 16px;\">379.70<\/span><\/span><\/td>\n<\/tr>\n<tr>\n<td style=\"background-color: #eeeeee; font-family: Arial, sans-serif; font-size: 14px; overflow: hidden; padding: 10px 5px; text-align: left; vertical-align: middle; word-break: normal; border: 1px solid inherit;\"><span style=\"font-family: Georgia, Times New Roman, Bitstream Charter, Times, serif;\"><span style=\"font-size: 16px;\"><img decoding=\"async\" src=\"https:\/\/lillapanzio.ro\/wp-content\/uploads\/2023\/05\/Flag_of_Canada.png\" alt=\"Image\" width=\"25\" height=\"25\" \/>\u00a0CAD<\/span><\/span><\/td>\n<td style=\"background-color: #eeeeee; font-family: Arial, sans-serif; font-size: 14px; overflow: hidden; padding: 10px 5px; text-align: center; vertical-align: middle; word-break: normal; border: 1px solid inherit;\"><span style=\"font-family: Georgia, Times New Roman, Bitstream Charter, Times, serif;\"><span style=\"font-size: 16px;\">3.06<\/span><\/span><\/td>\n<td style=\"background-color: #eeeeee; font-family: Arial, sans-serif; font-size: 14px; overflow: hidden; padding: 10px 5px; text-align: center; vertical-align: middle; word-break: normal; border: 1px solid inherit;\"><span style=\"font-family: Georgia, Times New Roman, Bitstream Charter, Times, serif;\"><span style=\"font-size: 16px;\">3.1200<\/span><\/span><\/td>\n<\/tr>\n<tr>\n<td style=\"background-color: #d4c1b0; font-family: Arial, sans-serif; font-size: 14px; overflow: hidden; padding: 10px 5px; text-align: left; vertical-align: middle; word-break: normal; border: 1px solid inherit;\"><span style=\"font-family: Georgia, Times New Roman, Bitstream Charter, Times, serif;\"><span style=\"font-size: 16px;\"><img decoding=\"async\" src=\"https:\/\/lillapanzio.ro\/wp-content\/uploads\/2023\/05\/dk-flag.png\" alt=\"Image\" width=\"25\" height=\"25\" \/>\u00a0DKK<\/span><\/span><\/td>\n<td style=\"background-color: #d4c1b0; font-family: Arial, sans-serif; font-size: 14px; overflow: hidden; padding: 10px 5px; text-align: center; vertical-align: middle; word-break: normal; border: 1px solid inherit;\"><span style=\"font-family: Georgia, Times New Roman, Bitstream Charter, Times, serif;\"><span style=\"font-size: 16px;\">0,61<\/span><\/span><\/td>\n<td style=\"background-color: #d4c1b0; font-family: Arial, sans-serif; font-size: 14px; overflow: hidden; padding: 10px 5px; text-align: center; vertical-align: middle; word-break: normal; border: 1px solid inherit;\"><span style=\"font-family: Georgia, Times New Roman, Bitstream Charter, Times, serif;\"><span style=\"font-size: 16px;\">0,68<\/span><\/span><\/td>\n<\/tr>\n<\/tbody>\n<\/table>","protected":false},"excerpt":{"rendered":"","protected":false},"author":1,"featured_media":0,"parent":0,"menu_order":0,"comment_status":"closed","ping_status":"closed","template":"","meta":{"_acf_changed":false,"footnotes":""},"class_list":["post-43","page","type-page","status-publish","hentry"],"acf":[],"yoast_head":"<!-- This site is optimized with the Yoast SEO plugin v27.1.1 - https:\/\/yoast.com\/product\/yoast-seo-wordpress\/ -->\n<title>Valutav\u00e1lt\u00f3 - Lilla Panzi\u00f3 - Sz\u00e9kelyudvarhely<\/title>\n<meta name=\"description\" content=\"A valutav\u00e1lt\u00f3nknak saj\u00e1t \u00e1rfolyama van, amely minden nap friss\u00fcl.\" \/>\n<meta name=\"robots\" content=\"index, follow, max-snippet:-1, max-image-preview:large, max-video-preview:-1\" \/>\n<link rel=\"canonical\" href=\"https:\/\/lillapanzio.ro\/de\/geldwechsel\/\" \/>\n<meta property=\"og:locale\" content=\"de_DE\" \/>\n<meta property=\"og:type\" content=\"article\" \/>\n<meta property=\"og:title\" content=\"Valutav\u00e1lt\u00f3 - Lilla Panzi\u00f3 - Sz\u00e9kelyudvarhely\" \/>\n<meta property=\"og:description\" content=\"A valutav\u00e1lt\u00f3nknak saj\u00e1t \u00e1rfolyama van, amely minden nap friss\u00fcl.\" \/>\n<meta property=\"og:url\" content=\"https:\/\/lillapanzio.ro\/de\/geldwechsel\/\" \/>\n<meta property=\"og:site_name\" content=\"Lilla Panzi\u00f3 - Sz\u00e9kelyudvarhely\" \/>\n<meta property=\"article:modified_time\" content=\"2026-04-14T07:43:42+00:00\" \/>\n<meta property=\"og:image\" content=\"https:\/\/lillapanzio.ro\/wp-content\/uploads\/2023\/05\/Flag_of_Europe.png\" \/>\n<meta name=\"twitter:card\" content=\"summary_large_image\" \/>\n<meta name=\"twitter:label1\" content=\"Gesch\u00e4tzte Lesezeit\" \/>\n\t<meta name=\"twitter:data1\" content=\"3\u00a0Minuten\" \/>\n<script type=\"application\/ld+json\" class=\"yoast-schema-graph\">{\"@context\":\"https:\/\/schema.org\",\"@graph\":[{\"@type\":\"WebPage\",\"@id\":\"https:\/\/lillapanzio.ro\/valutavalto\/\",\"url\":\"https:\/\/lillapanzio.ro\/valutavalto\/\",\"name\":\"Valutav\u00e1lt\u00f3 - Lilla Panzi\u00f3 - Sz\u00e9kelyudvarhely\",\"isPartOf\":{\"@id\":\"https:\/\/lillapanzio.ro\/#website\"},\"primaryImageOfPage\":{\"@id\":\"https:\/\/lillapanzio.ro\/valutavalto\/#primaryimage\"},\"image\":{\"@id\":\"https:\/\/lillapanzio.ro\/valutavalto\/#primaryimage\"},\"thumbnailUrl\":\"https:\/\/lillapanzio.ro\/wp-content\/uploads\/2023\/05\/Flag_of_Europe.png\",\"datePublished\":\"2023-05-09T11:29:17+00:00\",\"dateModified\":\"2026-04-14T07:43:42+00:00\",\"description\":\"A valutav\u00e1lt\u00f3nknak saj\u00e1t \u00e1rfolyama van, amely minden nap friss\u00fcl.\",\"breadcrumb\":{\"@id\":\"https:\/\/lillapanzio.ro\/valutavalto\/#breadcrumb\"},\"inLanguage\":\"de\",\"potentialAction\":[{\"@type\":\"ReadAction\",\"target\":[\"https:\/\/lillapanzio.ro\/valutavalto\/\"]}]},{\"@type\":\"ImageObject\",\"inLanguage\":\"de\",\"@id\":\"https:\/\/lillapanzio.ro\/valutavalto\/#primaryimage\",\"url\":\"https:\/\/lillapanzio.ro\/wp-content\/uploads\/2023\/05\/Flag_of_Europe.png\",\"contentUrl\":\"https:\/\/lillapanzio.ro\/wp-content\/uploads\/2023\/05\/Flag_of_Europe.png\"},{\"@type\":\"BreadcrumbList\",\"@id\":\"https:\/\/lillapanzio.ro\/valutavalto\/#breadcrumb\",\"itemListElement\":[{\"@type\":\"ListItem\",\"position\":1,\"name\":\"Kezd\u0151lap\",\"item\":\"https:\/\/lillapanzio.ro\/\"},{\"@type\":\"ListItem\",\"position\":2,\"name\":\"Valutav\u00e1lt\u00f3\"}]},{\"@type\":\"WebSite\",\"@id\":\"https:\/\/lillapanzio.ro\/#website\",\"url\":\"https:\/\/lillapanzio.ro\/\",\"name\":\"Lilla Panzi\u00f3 - Sz\u00e9kelyudvarhely\",\"description\":\"\",\"publisher\":{\"@id\":\"https:\/\/lillapanzio.ro\/#organization\"},\"potentialAction\":[{\"@type\":\"SearchAction\",\"target\":{\"@type\":\"EntryPoint\",\"urlTemplate\":\"https:\/\/lillapanzio.ro\/?s={search_term_string}\"},\"query-input\":{\"@type\":\"PropertyValueSpecification\",\"valueRequired\":true,\"valueName\":\"search_term_string\"}}],\"inLanguage\":\"de\"},{\"@type\":\"Organization\",\"@id\":\"https:\/\/lillapanzio.ro\/#organization\",\"name\":\"Lilla Panzi\u00f3 - Sz\u00e9kelyudvarhely\",\"url\":\"https:\/\/lillapanzio.ro\/\",\"logo\":{\"@type\":\"ImageObject\",\"inLanguage\":\"de\",\"@id\":\"https:\/\/lillapanzio.ro\/#\/schema\/logo\/image\/\",\"url\":\"https:\/\/lillapanzio.ro\/wp-content\/uploads\/2023\/04\/header-logo.png\",\"contentUrl\":\"https:\/\/lillapanzio.ro\/wp-content\/uploads\/2023\/04\/header-logo.png\",\"width\":350,\"height\":207,\"caption\":\"Lilla Panzi\u00f3 - Sz\u00e9kelyudvarhely\"},\"image\":{\"@id\":\"https:\/\/lillapanzio.ro\/#\/schema\/logo\/image\/\"}}]}<\/script>\n<!-- \/ Yoast SEO plugin. -->","yoast_head_json":{"title":"Geldwechsel - Lilla Pension - Odorhellen","description":"Unser W\u00e4hrungsumrechner verf\u00fcgt \u00fcber einen eigenen Wechselkurs, der t\u00e4glich aktualisiert wird.","robots":{"index":"index","follow":"follow","max-snippet":"max-snippet:-1","max-image-preview":"max-image-preview:large","max-video-preview":"max-video-preview:-1"},"canonical":"https:\/\/lillapanzio.ro\/de\/geldwechsel\/","og_locale":"de_DE","og_type":"article","og_title":"Valutav\u00e1lt\u00f3 - Lilla Panzi\u00f3 - Sz\u00e9kelyudvarhely","og_description":"A valutav\u00e1lt\u00f3nknak saj\u00e1t \u00e1rfolyama van, amely minden nap friss\u00fcl.","og_url":"https:\/\/lillapanzio.ro\/de\/geldwechsel\/","og_site_name":"Lilla Panzi\u00f3 - Sz\u00e9kelyudvarhely","article_modified_time":"2026-04-14T07:43:42+00:00","og_image":[{"url":"https:\/\/lillapanzio.ro\/wp-content\/uploads\/2023\/05\/Flag_of_Europe.png","type":"","width":"","height":""}],"twitter_card":"summary_large_image","twitter_misc":{"Gesch\u00e4tzte Lesezeit":"3\u00a0Minuten"},"schema":{"@context":"https:\/\/schema.org","@graph":[{"@type":"WebPage","@id":"https:\/\/lillapanzio.ro\/valutavalto\/","url":"https:\/\/lillapanzio.ro\/valutavalto\/","name":"Geldwechsel - Lilla Pension - Odorhellen","isPartOf":{"@id":"https:\/\/lillapanzio.ro\/#website"},"primaryImageOfPage":{"@id":"https:\/\/lillapanzio.ro\/valutavalto\/#primaryimage"},"image":{"@id":"https:\/\/lillapanzio.ro\/valutavalto\/#primaryimage"},"thumbnailUrl":"https:\/\/lillapanzio.ro\/wp-content\/uploads\/2023\/05\/Flag_of_Europe.png","datePublished":"2023-05-09T11:29:17+00:00","dateModified":"2026-04-14T07:43:42+00:00","description":"Unser W\u00e4hrungsumrechner verf\u00fcgt \u00fcber einen eigenen Wechselkurs, der t\u00e4glich aktualisiert wird.","breadcrumb":{"@id":"https:\/\/lillapanzio.ro\/valutavalto\/#breadcrumb"},"inLanguage":"de","potentialAction":[{"@type":"ReadAction","target":["https:\/\/lillapanzio.ro\/valutavalto\/"]}]},{"@type":"ImageObject","inLanguage":"de","@id":"https:\/\/lillapanzio.ro\/valutavalto\/#primaryimage","url":"https:\/\/lillapanzio.ro\/wp-content\/uploads\/2023\/05\/Flag_of_Europe.png","contentUrl":"https:\/\/lillapanzio.ro\/wp-content\/uploads\/2023\/05\/Flag_of_Europe.png"},{"@type":"BreadcrumbList","@id":"https:\/\/lillapanzio.ro\/valutavalto\/#breadcrumb","itemListElement":[{"@type":"ListItem","position":1,"name":"Kezd\u0151lap","item":"https:\/\/lillapanzio.ro\/"},{"@type":"ListItem","position":2,"name":"Valutav\u00e1lt\u00f3"}]},{"@type":"WebSite","@id":"https:\/\/lillapanzio.ro\/#website","url":"https:\/\/lillapanzio.ro\/","name":"Lilla Pension - Odorhellen","description":"","publisher":{"@id":"https:\/\/lillapanzio.ro\/#organization"},"potentialAction":[{"@type":"SearchAction","target":{"@type":"EntryPoint","urlTemplate":"https:\/\/lillapanzio.ro\/?s={search_term_string}"},"query-input":{"@type":"PropertyValueSpecification","valueRequired":true,"valueName":"search_term_string"}}],"inLanguage":"de"},{"@type":"Organization","@id":"https:\/\/lillapanzio.ro\/#organization","name":"Lilla Pension - Odorhellen","url":"https:\/\/lillapanzio.ro\/","logo":{"@type":"ImageObject","inLanguage":"de","@id":"https:\/\/lillapanzio.ro\/#\/schema\/logo\/image\/","url":"https:\/\/lillapanzio.ro\/wp-content\/uploads\/2023\/04\/header-logo.png","contentUrl":"https:\/\/lillapanzio.ro\/wp-content\/uploads\/2023\/04\/header-logo.png","width":350,"height":207,"caption":"Lilla Panzi\u00f3 - Sz\u00e9kelyudvarhely"},"image":{"@id":"https:\/\/lillapanzio.ro\/#\/schema\/logo\/image\/"}}]}},"_links":{"self":[{"href":"https:\/\/lillapanzio.ro\/de\/wp-json\/wp\/v2\/pages\/43","targetHints":{"allow":["GET"]}}],"collection":[{"href":"https:\/\/lillapanzio.ro\/de\/wp-json\/wp\/v2\/pages"}],"about":[{"href":"https:\/\/lillapanzio.ro\/de\/wp-json\/wp\/v2\/types\/page"}],"author":[{"embeddable":true,"href":"https:\/\/lillapanzio.ro\/de\/wp-json\/wp\/v2\/users\/1"}],"replies":[{"embeddable":true,"href":"https:\/\/lillapanzio.ro\/de\/wp-json\/wp\/v2\/comments?post=43"}],"version-history":[{"count":3672,"href":"https:\/\/lillapanzio.ro\/de\/wp-json\/wp\/v2\/pages\/43\/revisions"}],"predecessor-version":[{"id":4116,"href":"https:\/\/lillapanzio.ro\/de\/wp-json\/wp\/v2\/pages\/43\/revisions\/4116"}],"wp:attachment":[{"href":"https:\/\/lillapanzio.ro\/de\/wp-json\/wp\/v2\/media?parent=43"}],"curies":[{"name":"wp","href":"https:\/\/api.w.org\/{rel}","templated":true}]}}